{"id":3679,"date":"2025-04-04T07:57:15","date_gmt":"2025-04-04T07:57:15","guid":{"rendered":""},"modified":"2025-08-05T08:29:11","modified_gmt":"2025-08-05T08:29:11","slug":"der-kress-mission-maehroboter-bewaeltigt-rasenflaechen-bis-zu-1-500-m%c2%b2-ohne-oas-kr120e","status":"publish","type":"product","link":"https:\/\/ad.kress.com\/de-ch\/der-kress-mission-maehroboter-bewaeltigt-rasenflaechen-bis-zu-1-500-m%c2%b2-ohne-oas-kr120e\/","title":{"rendered":"Der Kress Mission M\u00e4hroboter bew\u00e4ltigt Rasenfl\u00e4chen bis zu 1.500 m\u00b2"},"content":{"rendered":"<p>Fachm\u00e4nnisch entwickelt f\u00fcr die Programmierung von mehreren Zonen, mit STT (Side Trim Technology), pr\u00e4ziser Navigation durch schmale Pfade und intelligenter automatischer Planung, die auf die individuellen Bed\u00fcrfnisse Ihres Rasens zugeschnitten ist.<\/p>\n","protected":false},"excerpt":{"rendered":"<p>Fachm\u00e4nnisch entwickelt f\u00fcr die Programmierung von mehreren Zonen, mit STT (Side Trim Technology), pr\u00e4ziser Navigation durch schmale Pfade und intelligenter automatischer Planung, die auf die individuellen Bed\u00fcrfnisse Ihres Rasens zugeschnitten ist.<\/p>\n","protected":false},"featured_media":8318,"comment_status":"closed","ping_status":"closed","template":"","meta":[],"product_brand":[],"product_cat":[],"product_tag":[],"class_list":{"0":"post-3679","1":"product","2":"type-product","3":"status-publish","4":"has-post-thumbnail","6":"entry","8":"first","9":"instock","10":"shipping-taxable","11":"purchasable","12":"product-type-simple"},"yoast_head":"<!-- This site is optimized with the Yoast SEO plugin v24.3 - https:\/\/yoast.com\/wordpress\/plugins\/seo\/ -->\n<title>Der Kress Mission M\u00e4hroboter bew\u00e4ltigt Rasenfl\u00e4chen bis zu 1.500 m\u00b2 - Landing Kress<\/title>\n<meta name=\"robots\" content=\"index, follow, max-snippet:-1, max-image-preview:large, max-video-preview:-1\" \/>\n<link rel=\"canonical\" href=\"https:\/\/ad.kress.com\/en\/the-kress-mission-robot-mower-manages-lawns-up-to-1500-m\u00b2-without-oas-kr120e\/\" \/>\n<meta property=\"og:locale\" content=\"de_DE\" \/>\n<meta property=\"og:type\" content=\"article\" \/>\n<meta property=\"og:title\" content=\"Der Kress Mission M\u00e4hroboter bew\u00e4ltigt Rasenfl\u00e4chen bis zu 1.500 m\u00b2 - Landing Kress\" \/>\n<meta property=\"og:description\" content=\"Fachm\u00e4nnisch entwickelt f\u00fcr die Programmierung von mehreren Zonen, mit STT (Side Trim Technology), pr\u00e4ziser Navigation durch schmale Pfade und intelligenter automatischer Planung, die auf die individuellen Bed\u00fcrfnisse Ihres Rasens zugeschnitten ist.\" \/>\n<meta property=\"og:url\" content=\"https:\/\/ad.kress.com\/en\/the-kress-mission-robot-mower-manages-lawns-up-to-1500-m\u00b2-without-oas-kr120e\/\" \/>\n<meta property=\"og:site_name\" content=\"Landing Kress\" \/>\n<meta property=\"article:modified_time\" content=\"2025-08-05T08:29:11+00:00\" \/>\n<meta property=\"og:image\" content=\"https:\/\/ad.kress.com\/wp-content\/uploads\/onpage\/op_image_33967d01d3689f8e371dfb95d6ce1a5f502e56bb.1980x.webp\" \/>\n\t<meta property=\"og:image:width\" content=\"1980\" \/>\n\t<meta property=\"og:image:height\" content=\"1980\" \/>\n\t<meta property=\"og:image:type\" content=\"image\/webp\" \/>\n<meta name=\"twitter:card\" content=\"summary_large_image\" \/>\n<script type=\"application\/ld+json\" class=\"yoast-schema-graph\">{\"@context\":\"https:\/\/schema.org\",\"@graph\":[{\"@type\":\"WebPage\",\"@id\":\"https:\/\/ad.kress.com\/en\/the-kress-mission-robot-mower-manages-lawns-up-to-1500-m%c2%b2-without-oas-kr120e\/\",\"url\":\"https:\/\/ad.kress.com\/en\/the-kress-mission-robot-mower-manages-lawns-up-to-1500-m%c2%b2-without-oas-kr120e\/\",\"name\":\"Der Kress Mission M\u00e4hroboter bew\u00e4ltigt Rasenfl\u00e4chen bis zu 1.500 m\u00b2 - Landing Kress\",\"isPartOf\":{\"@id\":\"https:\/\/ad.kress.com\/en-gb\/#website\"},\"primaryImageOfPage\":{\"@id\":\"https:\/\/ad.kress.com\/en\/the-kress-mission-robot-mower-manages-lawns-up-to-1500-m%c2%b2-without-oas-kr120e\/#primaryimage\"},\"image\":{\"@id\":\"https:\/\/ad.kress.com\/en\/the-kress-mission-robot-mower-manages-lawns-up-to-1500-m%c2%b2-without-oas-kr120e\/#primaryimage\"},\"thumbnailUrl\":\"https:\/\/ad.kress.com\/wp-content\/uploads\/onpage\/op_image_33967d01d3689f8e371dfb95d6ce1a5f502e56bb.1980x.webp\",\"datePublished\":\"2025-04-04T07:57:15+00:00\",\"dateModified\":\"2025-08-05T08:29:11+00:00\",\"breadcrumb\":{\"@id\":\"https:\/\/ad.kress.com\/en\/the-kress-mission-robot-mower-manages-lawns-up-to-1500-m%c2%b2-without-oas-kr120e\/#breadcrumb\"},\"inLanguage\":\"de-CH\",\"potentialAction\":[{\"@type\":\"ReadAction\",\"target\":[\"https:\/\/ad.kress.com\/en\/the-kress-mission-robot-mower-manages-lawns-up-to-1500-m%c2%b2-without-oas-kr120e\/\"]}]},{\"@type\":\"ImageObject\",\"inLanguage\":\"de-CH\",\"@id\":\"https:\/\/ad.kress.com\/en\/the-kress-mission-robot-mower-manages-lawns-up-to-1500-m%c2%b2-without-oas-kr120e\/#primaryimage\",\"url\":\"https:\/\/ad.kress.com\/wp-content\/uploads\/onpage\/op_image_33967d01d3689f8e371dfb95d6ce1a5f502e56bb.1980x.webp\",\"contentUrl\":\"https:\/\/ad.kress.com\/wp-content\/uploads\/onpage\/op_image_33967d01d3689f8e371dfb95d6ce1a5f502e56bb.1980x.webp\",\"width\":1980,\"height\":1980},{\"@type\":\"BreadcrumbList\",\"@id\":\"https:\/\/ad.kress.com\/en\/the-kress-mission-robot-mower-manages-lawns-up-to-1500-m%c2%b2-without-oas-kr120e\/#breadcrumb\",\"itemListElement\":[{\"@type\":\"ListItem\",\"position\":1,\"name\":\"Home\",\"item\":\"https:\/\/ad.kress.com\/en-gb\/\"},{\"@type\":\"ListItem\",\"position\":2,\"name\":\"Der Kress Mission M\u00e4hroboter bew\u00e4ltigt Rasenfl\u00e4chen bis zu 1.500 m\u00b2 ohne OAS\"}]},{\"@type\":\"WebSite\",\"@id\":\"https:\/\/ad.kress.com\/en-gb\/#website\",\"url\":\"https:\/\/ad.kress.com\/en-gb\/\",\"name\":\"Kress - Commercial outdoor power equipment\",\"description\":\"Kress\",\"publisher\":{\"@id\":\"https:\/\/ad.kress.com\/en-gb\/#organization\"},\"alternateName\":\"Kress\",\"potentialAction\":[{\"@type\":\"SearchAction\",\"target\":{\"@type\":\"EntryPoint\",\"urlTemplate\":\"https:\/\/ad.kress.com\/en-gb\/?s={search_term_string}\"},\"query-input\":{\"@type\":\"PropertyValueSpecification\",\"valueRequired\":true,\"valueName\":\"search_term_string\"}}],\"inLanguage\":\"de-CH\"},{\"@type\":\"Organization\",\"@id\":\"https:\/\/ad.kress.com\/en-gb\/#organization\",\"name\":\"Commercial outdoor power equipment\",\"alternateName\":\"Kress\",\"url\":\"https:\/\/ad.kress.com\/en-gb\/\",\"logo\":{\"@type\":\"ImageObject\",\"inLanguage\":\"de-CH\",\"@id\":\"https:\/\/ad.kress.com\/en-gb\/#\/schema\/logo\/image\/\",\"url\":\"https:\/\/ad.kress.com\/wp-content\/uploads\/2025\/01\/main-logo-kress.webp\",\"contentUrl\":\"https:\/\/ad.kress.com\/wp-content\/uploads\/2025\/01\/main-logo-kress.webp\",\"width\":1038,\"height\":245,\"caption\":\"Commercial outdoor power equipment\"},\"image\":{\"@id\":\"https:\/\/ad.kress.com\/en-gb\/#\/schema\/logo\/image\/\"}}]}<\/script>\n<!-- \/ Yoast SEO plugin. -->","yoast_head_json":{"title":"Der Kress Mission M\u00e4hroboter bew\u00e4ltigt Rasenfl\u00e4chen bis zu 1.500 m\u00b2 - Landing Kress","robots":{"index":"index","follow":"follow","max-snippet":"max-snippet:-1","max-image-preview":"max-image-preview:large","max-video-preview":"max-video-preview:-1"},"canonical":"https:\/\/ad.kress.com\/en\/the-kress-mission-robot-mower-manages-lawns-up-to-1500-m\u00b2-without-oas-kr120e\/","og_locale":"de_DE","og_type":"article","og_title":"Der Kress Mission M\u00e4hroboter bew\u00e4ltigt Rasenfl\u00e4chen bis zu 1.500 m\u00b2 - Landing Kress","og_description":"Fachm\u00e4nnisch entwickelt f\u00fcr die Programmierung von mehreren Zonen, mit STT (Side Trim Technology), pr\u00e4ziser Navigation durch schmale Pfade und intelligenter automatischer Planung, die auf die individuellen Bed\u00fcrfnisse Ihres Rasens zugeschnitten ist.","og_url":"https:\/\/ad.kress.com\/en\/the-kress-mission-robot-mower-manages-lawns-up-to-1500-m\u00b2-without-oas-kr120e\/","og_site_name":"Landing Kress","article_modified_time":"2025-08-05T08:29:11+00:00","og_image":[{"width":1980,"height":1980,"url":"https:\/\/ad.kress.com\/wp-content\/uploads\/onpage\/op_image_33967d01d3689f8e371dfb95d6ce1a5f502e56bb.1980x.webp","type":"image\/webp"}],"twitter_card":"summary_large_image","schema":{"@context":"https:\/\/schema.org","@graph":[{"@type":"WebPage","@id":"https:\/\/ad.kress.com\/en\/the-kress-mission-robot-mower-manages-lawns-up-to-1500-m%c2%b2-without-oas-kr120e\/","url":"https:\/\/ad.kress.com\/en\/the-kress-mission-robot-mower-manages-lawns-up-to-1500-m%c2%b2-without-oas-kr120e\/","name":"Der Kress Mission M\u00e4hroboter bew\u00e4ltigt Rasenfl\u00e4chen bis zu 1.500 m\u00b2 - Landing Kress","isPartOf":{"@id":"https:\/\/ad.kress.com\/en-gb\/#website"},"primaryImageOfPage":{"@id":"https:\/\/ad.kress.com\/en\/the-kress-mission-robot-mower-manages-lawns-up-to-1500-m%c2%b2-without-oas-kr120e\/#primaryimage"},"image":{"@id":"https:\/\/ad.kress.com\/en\/the-kress-mission-robot-mower-manages-lawns-up-to-1500-m%c2%b2-without-oas-kr120e\/#primaryimage"},"thumbnailUrl":"https:\/\/ad.kress.com\/wp-content\/uploads\/onpage\/op_image_33967d01d3689f8e371dfb95d6ce1a5f502e56bb.1980x.webp","datePublished":"2025-04-04T07:57:15+00:00","dateModified":"2025-08-05T08:29:11+00:00","breadcrumb":{"@id":"https:\/\/ad.kress.com\/en\/the-kress-mission-robot-mower-manages-lawns-up-to-1500-m%c2%b2-without-oas-kr120e\/#breadcrumb"},"inLanguage":"de-CH","potentialAction":[{"@type":"ReadAction","target":["https:\/\/ad.kress.com\/en\/the-kress-mission-robot-mower-manages-lawns-up-to-1500-m%c2%b2-without-oas-kr120e\/"]}]},{"@type":"ImageObject","inLanguage":"de-CH","@id":"https:\/\/ad.kress.com\/en\/the-kress-mission-robot-mower-manages-lawns-up-to-1500-m%c2%b2-without-oas-kr120e\/#primaryimage","url":"https:\/\/ad.kress.com\/wp-content\/uploads\/onpage\/op_image_33967d01d3689f8e371dfb95d6ce1a5f502e56bb.1980x.webp","contentUrl":"https:\/\/ad.kress.com\/wp-content\/uploads\/onpage\/op_image_33967d01d3689f8e371dfb95d6ce1a5f502e56bb.1980x.webp","width":1980,"height":1980},{"@type":"BreadcrumbList","@id":"https:\/\/ad.kress.com\/en\/the-kress-mission-robot-mower-manages-lawns-up-to-1500-m%c2%b2-without-oas-kr120e\/#breadcrumb","itemListElement":[{"@type":"ListItem","position":1,"name":"Home","item":"https:\/\/ad.kress.com\/en-gb\/"},{"@type":"ListItem","position":2,"name":"Der Kress Mission M\u00e4hroboter bew\u00e4ltigt Rasenfl\u00e4chen bis zu 1.500 m\u00b2 ohne OAS"}]},{"@type":"WebSite","@id":"https:\/\/ad.kress.com\/en-gb\/#website","url":"https:\/\/ad.kress.com\/en-gb\/","name":"Kress - Commercial outdoor power equipment","description":"Kress","publisher":{"@id":"https:\/\/ad.kress.com\/en-gb\/#organization"},"alternateName":"Kress","potentialAction":[{"@type":"SearchAction","target":{"@type":"EntryPoint","urlTemplate":"https:\/\/ad.kress.com\/en-gb\/?s={search_term_string}"},"query-input":{"@type":"PropertyValueSpecification","valueRequired":true,"valueName":"search_term_string"}}],"inLanguage":"de-CH"},{"@type":"Organization","@id":"https:\/\/ad.kress.com\/en-gb\/#organization","name":"Commercial outdoor power equipment","alternateName":"Kress","url":"https:\/\/ad.kress.com\/en-gb\/","logo":{"@type":"ImageObject","inLanguage":"de-CH","@id":"https:\/\/ad.kress.com\/en-gb\/#\/schema\/logo\/image\/","url":"https:\/\/ad.kress.com\/wp-content\/uploads\/2025\/01\/main-logo-kress.webp","contentUrl":"https:\/\/ad.kress.com\/wp-content\/uploads\/2025\/01\/main-logo-kress.webp","width":1038,"height":245,"caption":"Commercial outdoor power equipment"},"image":{"@id":"https:\/\/ad.kress.com\/en-gb\/#\/schema\/logo\/image\/"}}]}},"_links":{"self":[{"href":"https:\/\/ad.kress.com\/de-ch\/wp-json\/wp\/v2\/product\/3679","targetHints":{"allow":["GET"]}}],"collection":[{"href":"https:\/\/ad.kress.com\/de-ch\/wp-json\/wp\/v2\/product"}],"about":[{"href":"https:\/\/ad.kress.com\/de-ch\/wp-json\/wp\/v2\/types\/product"}],"replies":[{"embeddable":true,"href":"https:\/\/ad.kress.com\/de-ch\/wp-json\/wp\/v2\/comments?post=3679"}],"wp:featuredmedia":[{"embeddable":true,"href":"https:\/\/ad.kress.com\/de-ch\/wp-json\/wp\/v2\/media\/8318"}],"wp:attachment":[{"href":"https:\/\/ad.kress.com\/de-ch\/wp-json\/wp\/v2\/media?parent=3679"}],"wp:term":[{"taxonomy":"product_brand","embeddable":true,"href":"https:\/\/ad.kress.com\/de-ch\/wp-json\/wp\/v2\/product_brand?post=3679"},{"taxonomy":"product_cat","embeddable":true,"href":"https:\/\/ad.kress.com\/de-ch\/wp-json\/wp\/v2\/product_cat?post=3679"},{"taxonomy":"product_tag","embeddable":true,"href":"https:\/\/ad.kress.com\/de-ch\/wp-json\/wp\/v2\/product_tag?post=3679"}],"curies":[{"name":"wp","href":"https:\/\/api.w.org\/{rel}","templated":true}]}}