{"id":7275,"date":"2025-04-04T07:57:54","date_gmt":"2025-04-04T07:57:54","guid":{"rendered":""},"modified":"2025-08-05T08:29:11","modified_gmt":"2025-08-05T08:29:11","slug":"60-v-cyberlite-dc-dc-ladegeraet-fuer-den-gewerblichen-einsatz-kac844","status":"publish","type":"product","link":"https:\/\/ad.kress.com\/de-at\/60-v-cyberlite-dc-dc-ladegeraet-fuer-den-gewerblichen-einsatz-kac844\/","title":{"rendered":"60 V CyberLite DC-DC Ladeger\u00e4t f\u00fcr den gewerblichen Einsatz"},"content":{"rendered":"<p>Das CyberTank Lite DC-DC-Ladesystem wurde f\u00fcr den professionellen Einsatz entwickelt und definiert die Tragbarkeit neu. Es wurde entwickelt, um Energie von einer CyberCapsule auf ein CyberPack in nur 12 Minuten zu \u00fcbertragen. Diese Mobilit\u00e4t stellt sicher, dass Ihre Werkzeuge schnell und effizient aufgeladen werden k\u00f6nnen, so dass Sie ohne die Einschr\u00e4nkungen einer festen Ladestation arbeiten k\u00f6nnen.<\/p>\n","protected":false},"excerpt":{"rendered":"<p>Das CyberTank Lite DC-DC-Ladesystem wurde f\u00fcr den professionellen Einsatz entwickelt und definiert die Tragbarkeit neu. Es wurde entwickelt, um Energie von einer CyberCapsule auf ein CyberPack in nur 12 Minuten zu \u00fcbertragen. Diese Mobilit\u00e4t stellt sicher, dass Ihre Werkzeuge schnell und effizient aufgeladen werden k\u00f6nnen, so dass Sie ohne die Einschr\u00e4nkungen einer festen Ladestation arbeiten&hellip; <a class=\"more-link\" href=\"https:\/\/ad.kress.com\/de-at\/60-v-cyberlite-dc-dc-ladegeraet-fuer-den-gewerblichen-einsatz-kac844\/\">Continue reading <span class=\"screen-reader-text\">60 V CyberLite DC-DC Ladeger\u00e4t f\u00fcr den gewerblichen Einsatz<\/span><\/a><\/p>\n","protected":false},"featured_media":11107,"comment_status":"closed","ping_status":"closed","template":"","meta":[],"product_brand":[],"product_cat":[],"product_tag":[],"class_list":{"0":"post-7275","1":"product","2":"type-product","3":"status-publish","4":"has-post-thumbnail","6":"entry","8":"first","9":"instock","10":"shipping-taxable","11":"purchasable","12":"product-type-simple"},"yoast_head":"<!-- This site is optimized with the Yoast SEO plugin v24.3 - https:\/\/yoast.com\/wordpress\/plugins\/seo\/ -->\n<title>60 V CyberLite DC-DC Ladeger\u00e4t f\u00fcr den gewerblichen Einsatz - Landing Kress<\/title>\n<meta name=\"robots\" content=\"index, follow, max-snippet:-1, max-image-preview:large, max-video-preview:-1\" \/>\n<link rel=\"canonical\" href=\"https:\/\/ad.kress.com\/de-at\/60-v-cyberlite-dc-dc-ladegeraet-fuer-den-gewerblichen-einsatz-kac844\/\" \/>\n<meta property=\"og:locale\" content=\"de_DE\" \/>\n<meta property=\"og:type\" content=\"article\" \/>\n<meta property=\"og:title\" content=\"60 V CyberLite DC-DC Ladeger\u00e4t f\u00fcr den gewerblichen Einsatz - Landing Kress\" \/>\n<meta property=\"og:description\" content=\"Das CyberTank Lite DC-DC-Ladesystem wurde f\u00fcr den professionellen Einsatz entwickelt und definiert die Tragbarkeit neu. Es wurde entwickelt, um Energie von einer CyberCapsule auf ein CyberPack in nur 12 Minuten zu \u00fcbertragen. Diese Mobilit\u00e4t stellt sicher, dass Ihre Werkzeuge schnell und effizient aufgeladen werden k\u00f6nnen, so dass Sie ohne die Einschr\u00e4nkungen einer festen Ladestation arbeiten&hellip; Continue reading 60 V CyberLite DC-DC Ladeger\u00e4t f\u00fcr den gewerblichen Einsatz\" \/>\n<meta property=\"og:url\" content=\"https:\/\/ad.kress.com\/de-at\/60-v-cyberlite-dc-dc-ladegeraet-fuer-den-gewerblichen-einsatz-kac844\/\" \/>\n<meta property=\"og:site_name\" content=\"Landing Kress\" \/>\n<meta property=\"article:modified_time\" content=\"2025-08-05T08:29:11+00:00\" \/>\n<meta property=\"og:image\" content=\"https:\/\/ad.kress.com\/wp-content\/uploads\/onpage\/op_image_1eb67f126aa6e30166b0358b4dee47dbe693f033.1980x.webp\" \/>\n\t<meta property=\"og:image:width\" content=\"1980\" \/>\n\t<meta property=\"og:image:height\" content=\"1980\" \/>\n\t<meta property=\"og:image:type\" content=\"image\/webp\" \/>\n<meta name=\"twitter:card\" content=\"summary_large_image\" \/>\n<script type=\"application\/ld+json\" class=\"yoast-schema-graph\">{\"@context\":\"https:\/\/schema.org\",\"@graph\":[{\"@type\":\"WebPage\",\"@id\":\"https:\/\/ad.kress.com\/de-at\/60-v-cyberlite-dc-dc-ladegeraet-fuer-den-gewerblichen-einsatz-kac844\/\",\"url\":\"https:\/\/ad.kress.com\/de-at\/60-v-cyberlite-dc-dc-ladegeraet-fuer-den-gewerblichen-einsatz-kac844\/\",\"name\":\"60 V CyberLite DC-DC Ladeger\u00e4t f\u00fcr den gewerblichen Einsatz - Landing Kress\",\"isPartOf\":{\"@id\":\"https:\/\/ad.kress.com\/en-gb\/#website\"},\"primaryImageOfPage\":{\"@id\":\"https:\/\/ad.kress.com\/de-at\/60-v-cyberlite-dc-dc-ladegeraet-fuer-den-gewerblichen-einsatz-kac844\/#primaryimage\"},\"image\":{\"@id\":\"https:\/\/ad.kress.com\/de-at\/60-v-cyberlite-dc-dc-ladegeraet-fuer-den-gewerblichen-einsatz-kac844\/#primaryimage\"},\"thumbnailUrl\":\"https:\/\/ad.kress.com\/wp-content\/uploads\/onpage\/op_image_1eb67f126aa6e30166b0358b4dee47dbe693f033.1980x.webp\",\"datePublished\":\"2025-04-04T07:57:54+00:00\",\"dateModified\":\"2025-08-05T08:29:11+00:00\",\"breadcrumb\":{\"@id\":\"https:\/\/ad.kress.com\/de-at\/60-v-cyberlite-dc-dc-ladegeraet-fuer-den-gewerblichen-einsatz-kac844\/#breadcrumb\"},\"inLanguage\":\"de-AT\",\"potentialAction\":[{\"@type\":\"ReadAction\",\"target\":[\"https:\/\/ad.kress.com\/de-at\/60-v-cyberlite-dc-dc-ladegeraet-fuer-den-gewerblichen-einsatz-kac844\/\"]}]},{\"@type\":\"ImageObject\",\"inLanguage\":\"de-AT\",\"@id\":\"https:\/\/ad.kress.com\/de-at\/60-v-cyberlite-dc-dc-ladegeraet-fuer-den-gewerblichen-einsatz-kac844\/#primaryimage\",\"url\":\"https:\/\/ad.kress.com\/wp-content\/uploads\/onpage\/op_image_1eb67f126aa6e30166b0358b4dee47dbe693f033.1980x.webp\",\"contentUrl\":\"https:\/\/ad.kress.com\/wp-content\/uploads\/onpage\/op_image_1eb67f126aa6e30166b0358b4dee47dbe693f033.1980x.webp\",\"width\":1980,\"height\":1980},{\"@type\":\"BreadcrumbList\",\"@id\":\"https:\/\/ad.kress.com\/de-at\/60-v-cyberlite-dc-dc-ladegeraet-fuer-den-gewerblichen-einsatz-kac844\/#breadcrumb\",\"itemListElement\":[{\"@type\":\"ListItem\",\"position\":1,\"name\":\"Home\",\"item\":\"https:\/\/ad.kress.com\/en-gb\/\"},{\"@type\":\"ListItem\",\"position\":2,\"name\":\"60 V CyberLite DC-DC Ladeger\u00e4t f\u00fcr den gewerblichen Einsatz\"}]},{\"@type\":\"WebSite\",\"@id\":\"https:\/\/ad.kress.com\/en-gb\/#website\",\"url\":\"https:\/\/ad.kress.com\/en-gb\/\",\"name\":\"Kress - Commercial outdoor power equipment\",\"description\":\"Kress\",\"publisher\":{\"@id\":\"https:\/\/ad.kress.com\/en-gb\/#organization\"},\"alternateName\":\"Kress\",\"potentialAction\":[{\"@type\":\"SearchAction\",\"target\":{\"@type\":\"EntryPoint\",\"urlTemplate\":\"https:\/\/ad.kress.com\/en-gb\/?s={search_term_string}\"},\"query-input\":{\"@type\":\"PropertyValueSpecification\",\"valueRequired\":true,\"valueName\":\"search_term_string\"}}],\"inLanguage\":\"de-AT\"},{\"@type\":\"Organization\",\"@id\":\"https:\/\/ad.kress.com\/en-gb\/#organization\",\"name\":\"Commercial outdoor power equipment\",\"alternateName\":\"Kress\",\"url\":\"https:\/\/ad.kress.com\/en-gb\/\",\"logo\":{\"@type\":\"ImageObject\",\"inLanguage\":\"de-AT\",\"@id\":\"https:\/\/ad.kress.com\/en-gb\/#\/schema\/logo\/image\/\",\"url\":\"https:\/\/ad.kress.com\/wp-content\/uploads\/2025\/01\/main-logo-kress.webp\",\"contentUrl\":\"https:\/\/ad.kress.com\/wp-content\/uploads\/2025\/01\/main-logo-kress.webp\",\"width\":1038,\"height\":245,\"caption\":\"Commercial outdoor power equipment\"},\"image\":{\"@id\":\"https:\/\/ad.kress.com\/en-gb\/#\/schema\/logo\/image\/\"}}]}<\/script>\n<!-- \/ Yoast SEO plugin. -->","yoast_head_json":{"title":"60 V CyberLite DC-DC Ladeger\u00e4t f\u00fcr den gewerblichen Einsatz - Landing Kress","robots":{"index":"index","follow":"follow","max-snippet":"max-snippet:-1","max-image-preview":"max-image-preview:large","max-video-preview":"max-video-preview:-1"},"canonical":"https:\/\/ad.kress.com\/de-at\/60-v-cyberlite-dc-dc-ladegeraet-fuer-den-gewerblichen-einsatz-kac844\/","og_locale":"de_DE","og_type":"article","og_title":"60 V CyberLite DC-DC Ladeger\u00e4t f\u00fcr den gewerblichen Einsatz - Landing Kress","og_description":"Das CyberTank Lite DC-DC-Ladesystem wurde f\u00fcr den professionellen Einsatz entwickelt und definiert die Tragbarkeit neu. Es wurde entwickelt, um Energie von einer CyberCapsule auf ein CyberPack in nur 12 Minuten zu \u00fcbertragen. Diese Mobilit\u00e4t stellt sicher, dass Ihre Werkzeuge schnell und effizient aufgeladen werden k\u00f6nnen, so dass Sie ohne die Einschr\u00e4nkungen einer festen Ladestation arbeiten&hellip; Continue reading 60 V CyberLite DC-DC Ladeger\u00e4t f\u00fcr den gewerblichen Einsatz","og_url":"https:\/\/ad.kress.com\/de-at\/60-v-cyberlite-dc-dc-ladegeraet-fuer-den-gewerblichen-einsatz-kac844\/","og_site_name":"Landing Kress","article_modified_time":"2025-08-05T08:29:11+00:00","og_image":[{"width":1980,"height":1980,"url":"https:\/\/ad.kress.com\/wp-content\/uploads\/onpage\/op_image_1eb67f126aa6e30166b0358b4dee47dbe693f033.1980x.webp","type":"image\/webp"}],"twitter_card":"summary_large_image","schema":{"@context":"https:\/\/schema.org","@graph":[{"@type":"WebPage","@id":"https:\/\/ad.kress.com\/de-at\/60-v-cyberlite-dc-dc-ladegeraet-fuer-den-gewerblichen-einsatz-kac844\/","url":"https:\/\/ad.kress.com\/de-at\/60-v-cyberlite-dc-dc-ladegeraet-fuer-den-gewerblichen-einsatz-kac844\/","name":"60 V CyberLite DC-DC Ladeger\u00e4t f\u00fcr den gewerblichen Einsatz - Landing Kress","isPartOf":{"@id":"https:\/\/ad.kress.com\/en-gb\/#website"},"primaryImageOfPage":{"@id":"https:\/\/ad.kress.com\/de-at\/60-v-cyberlite-dc-dc-ladegeraet-fuer-den-gewerblichen-einsatz-kac844\/#primaryimage"},"image":{"@id":"https:\/\/ad.kress.com\/de-at\/60-v-cyberlite-dc-dc-ladegeraet-fuer-den-gewerblichen-einsatz-kac844\/#primaryimage"},"thumbnailUrl":"https:\/\/ad.kress.com\/wp-content\/uploads\/onpage\/op_image_1eb67f126aa6e30166b0358b4dee47dbe693f033.1980x.webp","datePublished":"2025-04-04T07:57:54+00:00","dateModified":"2025-08-05T08:29:11+00:00","breadcrumb":{"@id":"https:\/\/ad.kress.com\/de-at\/60-v-cyberlite-dc-dc-ladegeraet-fuer-den-gewerblichen-einsatz-kac844\/#breadcrumb"},"inLanguage":"de-AT","potentialAction":[{"@type":"ReadAction","target":["https:\/\/ad.kress.com\/de-at\/60-v-cyberlite-dc-dc-ladegeraet-fuer-den-gewerblichen-einsatz-kac844\/"]}]},{"@type":"ImageObject","inLanguage":"de-AT","@id":"https:\/\/ad.kress.com\/de-at\/60-v-cyberlite-dc-dc-ladegeraet-fuer-den-gewerblichen-einsatz-kac844\/#primaryimage","url":"https:\/\/ad.kress.com\/wp-content\/uploads\/onpage\/op_image_1eb67f126aa6e30166b0358b4dee47dbe693f033.1980x.webp","contentUrl":"https:\/\/ad.kress.com\/wp-content\/uploads\/onpage\/op_image_1eb67f126aa6e30166b0358b4dee47dbe693f033.1980x.webp","width":1980,"height":1980},{"@type":"BreadcrumbList","@id":"https:\/\/ad.kress.com\/de-at\/60-v-cyberlite-dc-dc-ladegeraet-fuer-den-gewerblichen-einsatz-kac844\/#breadcrumb","itemListElement":[{"@type":"ListItem","position":1,"name":"Home","item":"https:\/\/ad.kress.com\/en-gb\/"},{"@type":"ListItem","position":2,"name":"60 V CyberLite DC-DC Ladeger\u00e4t f\u00fcr den gewerblichen Einsatz"}]},{"@type":"WebSite","@id":"https:\/\/ad.kress.com\/en-gb\/#website","url":"https:\/\/ad.kress.com\/en-gb\/","name":"Kress - Commercial outdoor power equipment","description":"Kress","publisher":{"@id":"https:\/\/ad.kress.com\/en-gb\/#organization"},"alternateName":"Kress","potentialAction":[{"@type":"SearchAction","target":{"@type":"EntryPoint","urlTemplate":"https:\/\/ad.kress.com\/en-gb\/?s={search_term_string}"},"query-input":{"@type":"PropertyValueSpecification","valueRequired":true,"valueName":"search_term_string"}}],"inLanguage":"de-AT"},{"@type":"Organization","@id":"https:\/\/ad.kress.com\/en-gb\/#organization","name":"Commercial outdoor power equipment","alternateName":"Kress","url":"https:\/\/ad.kress.com\/en-gb\/","logo":{"@type":"ImageObject","inLanguage":"de-AT","@id":"https:\/\/ad.kress.com\/en-gb\/#\/schema\/logo\/image\/","url":"https:\/\/ad.kress.com\/wp-content\/uploads\/2025\/01\/main-logo-kress.webp","contentUrl":"https:\/\/ad.kress.com\/wp-content\/uploads\/2025\/01\/main-logo-kress.webp","width":1038,"height":245,"caption":"Commercial outdoor power equipment"},"image":{"@id":"https:\/\/ad.kress.com\/en-gb\/#\/schema\/logo\/image\/"}}]}},"_links":{"self":[{"href":"https:\/\/ad.kress.com\/de-at\/wp-json\/wp\/v2\/product\/7275","targetHints":{"allow":["GET"]}}],"collection":[{"href":"https:\/\/ad.kress.com\/de-at\/wp-json\/wp\/v2\/product"}],"about":[{"href":"https:\/\/ad.kress.com\/de-at\/wp-json\/wp\/v2\/types\/product"}],"replies":[{"embeddable":true,"href":"https:\/\/ad.kress.com\/de-at\/wp-json\/wp\/v2\/comments?post=7275"}],"wp:featuredmedia":[{"embeddable":true,"href":"https:\/\/ad.kress.com\/de-at\/wp-json\/wp\/v2\/media\/11107"}],"wp:attachment":[{"href":"https:\/\/ad.kress.com\/de-at\/wp-json\/wp\/v2\/media?parent=7275"}],"wp:term":[{"taxonomy":"product_brand","embeddable":true,"href":"https:\/\/ad.kress.com\/de-at\/wp-json\/wp\/v2\/product_brand?post=7275"},{"taxonomy":"product_cat","embeddable":true,"href":"https:\/\/ad.kress.com\/de-at\/wp-json\/wp\/v2\/product_cat?post=7275"},{"taxonomy":"product_tag","embeddable":true,"href":"https:\/\/ad.kress.com\/de-at\/wp-json\/wp\/v2\/product_tag?post=7275"}],"curies":[{"name":"wp","href":"https:\/\/api.w.org\/{rel}","templated":true}]}}