{"id":5925,"date":"2025-04-04T07:57:37","date_gmt":"2025-04-04T07:57:37","guid":{"rendered":""},"modified":"2025-08-05T08:29:11","modified_gmt":"2025-08-05T08:29:11","slug":"tragbare-powerstation-fuer-den-gewerblichen-einsatz-kac877e","status":"publish","type":"product","link":"https:\/\/ad.kress.com\/de-at\/tragbare-powerstation-fuer-den-gewerblichen-einsatz-kac877e\/","title":{"rendered":"Tragbare Powerstation f\u00fcr den gewerblichen Einsatz"},"content":{"rendered":"<p>Dieses 8-min\u00fctige CyberSytem DC-DC-Ladeger\u00e4t liefert die n\u00f6tige Energie, um jedes Kress 60 V oder Kress 60 V CyberPack einen ganzen Tag lang zu laden. Laden Sie es nach der Arbeit in der Werkstatt oder in der Garage auf und vergessen Sie, dass Sie wieder Geld f\u00fcr Kraftstoff ausgeben m\u00fcssen!<\/p>\n","protected":false},"excerpt":{"rendered":"<p>Dieses 8-min\u00fctige CyberSytem DC-DC-Ladeger\u00e4t liefert die n\u00f6tige Energie, um jedes Kress 60 V oder Kress 60 V CyberPack einen ganzen Tag lang zu laden. Laden Sie es nach der Arbeit in der Werkstatt oder in der Garage auf und vergessen Sie, dass Sie wieder Geld f\u00fcr Kraftstoff ausgeben m\u00fcssen!<\/p>\n","protected":false},"featured_media":10002,"comment_status":"closed","ping_status":"closed","template":"","meta":[],"product_brand":[],"product_cat":[],"product_tag":[],"class_list":{"0":"post-5925","1":"product","2":"type-product","3":"status-publish","4":"has-post-thumbnail","6":"entry","8":"first","9":"instock","10":"shipping-taxable","11":"purchasable","12":"product-type-simple"},"yoast_head":"<!-- This site is optimized with the Yoast SEO plugin v24.3 - https:\/\/yoast.com\/wordpress\/plugins\/seo\/ -->\n<title>Tragbare Powerstation f\u00fcr den gewerblichen Einsatz - Landing Kress<\/title>\n<meta name=\"robots\" content=\"index, follow, max-snippet:-1, max-image-preview:large, max-video-preview:-1\" \/>\n<link rel=\"canonical\" href=\"https:\/\/ad.kress.com\/en\/commercial-grade-portable-power-station-kac877e\/\" \/>\n<meta property=\"og:locale\" content=\"de_DE\" \/>\n<meta property=\"og:type\" content=\"article\" \/>\n<meta property=\"og:title\" content=\"Tragbare Powerstation f\u00fcr den gewerblichen Einsatz - Landing Kress\" \/>\n<meta property=\"og:description\" content=\"Dieses 8-min\u00fctige CyberSytem DC-DC-Ladeger\u00e4t liefert die n\u00f6tige Energie, um jedes Kress 60 V oder Kress 60 V CyberPack einen ganzen Tag lang zu laden. Laden Sie es nach der Arbeit in der Werkstatt oder in der Garage auf und vergessen Sie, dass Sie wieder Geld f\u00fcr Kraftstoff ausgeben m\u00fcssen!\" \/>\n<meta property=\"og:url\" content=\"https:\/\/ad.kress.com\/en\/commercial-grade-portable-power-station-kac877e\/\" \/>\n<meta property=\"og:site_name\" content=\"Landing Kress\" \/>\n<meta property=\"article:modified_time\" content=\"2025-08-05T08:29:11+00:00\" \/>\n<meta property=\"og:image\" content=\"https:\/\/ad.kress.com\/wp-content\/uploads\/onpage\/op_image_4b6733e79836435da9c8900d8c89414df613f1ec.1980x.webp\" \/>\n\t<meta property=\"og:image:width\" content=\"1980\" \/>\n\t<meta property=\"og:image:height\" content=\"1980\" \/>\n\t<meta property=\"og:image:type\" content=\"image\/webp\" \/>\n<meta name=\"twitter:card\" content=\"summary_large_image\" \/>\n<script type=\"application\/ld+json\" class=\"yoast-schema-graph\">{\"@context\":\"https:\/\/schema.org\",\"@graph\":[{\"@type\":\"WebPage\",\"@id\":\"https:\/\/ad.kress.com\/en\/commercial-grade-portable-power-station-kac877e\/\",\"url\":\"https:\/\/ad.kress.com\/en\/commercial-grade-portable-power-station-kac877e\/\",\"name\":\"Tragbare Powerstation f\u00fcr den gewerblichen Einsatz - Landing Kress\",\"isPartOf\":{\"@id\":\"https:\/\/ad.kress.com\/en-gb\/#website\"},\"primaryImageOfPage\":{\"@id\":\"https:\/\/ad.kress.com\/en\/commercial-grade-portable-power-station-kac877e\/#primaryimage\"},\"image\":{\"@id\":\"https:\/\/ad.kress.com\/en\/commercial-grade-portable-power-station-kac877e\/#primaryimage\"},\"thumbnailUrl\":\"https:\/\/ad.kress.com\/wp-content\/uploads\/onpage\/op_image_4b6733e79836435da9c8900d8c89414df613f1ec.1980x.webp\",\"datePublished\":\"2025-04-04T07:57:37+00:00\",\"dateModified\":\"2025-08-05T08:29:11+00:00\",\"breadcrumb\":{\"@id\":\"https:\/\/ad.kress.com\/en\/commercial-grade-portable-power-station-kac877e\/#breadcrumb\"},\"inLanguage\":\"de-AT\",\"potentialAction\":[{\"@type\":\"ReadAction\",\"target\":[\"https:\/\/ad.kress.com\/en\/commercial-grade-portable-power-station-kac877e\/\"]}]},{\"@type\":\"ImageObject\",\"inLanguage\":\"de-AT\",\"@id\":\"https:\/\/ad.kress.com\/en\/commercial-grade-portable-power-station-kac877e\/#primaryimage\",\"url\":\"https:\/\/ad.kress.com\/wp-content\/uploads\/onpage\/op_image_4b6733e79836435da9c8900d8c89414df613f1ec.1980x.webp\",\"contentUrl\":\"https:\/\/ad.kress.com\/wp-content\/uploads\/onpage\/op_image_4b6733e79836435da9c8900d8c89414df613f1ec.1980x.webp\",\"width\":1980,\"height\":1980},{\"@type\":\"BreadcrumbList\",\"@id\":\"https:\/\/ad.kress.com\/en\/commercial-grade-portable-power-station-kac877e\/#breadcrumb\",\"itemListElement\":[{\"@type\":\"ListItem\",\"position\":1,\"name\":\"Home\",\"item\":\"https:\/\/ad.kress.com\/en-gb\/\"},{\"@type\":\"ListItem\",\"position\":2,\"name\":\"Tragbare Powerstation f\u00fcr den gewerblichen Einsatz\"}]},{\"@type\":\"WebSite\",\"@id\":\"https:\/\/ad.kress.com\/en-gb\/#website\",\"url\":\"https:\/\/ad.kress.com\/en-gb\/\",\"name\":\"Kress - Commercial outdoor power equipment\",\"description\":\"Kress\",\"publisher\":{\"@id\":\"https:\/\/ad.kress.com\/en-gb\/#organization\"},\"alternateName\":\"Kress\",\"potentialAction\":[{\"@type\":\"SearchAction\",\"target\":{\"@type\":\"EntryPoint\",\"urlTemplate\":\"https:\/\/ad.kress.com\/en-gb\/?s={search_term_string}\"},\"query-input\":{\"@type\":\"PropertyValueSpecification\",\"valueRequired\":true,\"valueName\":\"search_term_string\"}}],\"inLanguage\":\"de-AT\"},{\"@type\":\"Organization\",\"@id\":\"https:\/\/ad.kress.com\/en-gb\/#organization\",\"name\":\"Commercial outdoor power equipment\",\"alternateName\":\"Kress\",\"url\":\"https:\/\/ad.kress.com\/en-gb\/\",\"logo\":{\"@type\":\"ImageObject\",\"inLanguage\":\"de-AT\",\"@id\":\"https:\/\/ad.kress.com\/en-gb\/#\/schema\/logo\/image\/\",\"url\":\"https:\/\/ad.kress.com\/wp-content\/uploads\/2025\/01\/main-logo-kress.webp\",\"contentUrl\":\"https:\/\/ad.kress.com\/wp-content\/uploads\/2025\/01\/main-logo-kress.webp\",\"width\":1038,\"height\":245,\"caption\":\"Commercial outdoor power equipment\"},\"image\":{\"@id\":\"https:\/\/ad.kress.com\/en-gb\/#\/schema\/logo\/image\/\"}}]}<\/script>\n<!-- \/ Yoast SEO plugin. -->","yoast_head_json":{"title":"Tragbare Powerstation f\u00fcr den gewerblichen Einsatz - Landing Kress","robots":{"index":"index","follow":"follow","max-snippet":"max-snippet:-1","max-image-preview":"max-image-preview:large","max-video-preview":"max-video-preview:-1"},"canonical":"https:\/\/ad.kress.com\/en\/commercial-grade-portable-power-station-kac877e\/","og_locale":"de_DE","og_type":"article","og_title":"Tragbare Powerstation f\u00fcr den gewerblichen Einsatz - Landing Kress","og_description":"Dieses 8-min\u00fctige CyberSytem DC-DC-Ladeger\u00e4t liefert die n\u00f6tige Energie, um jedes Kress 60 V oder Kress 60 V CyberPack einen ganzen Tag lang zu laden. Laden Sie es nach der Arbeit in der Werkstatt oder in der Garage auf und vergessen Sie, dass Sie wieder Geld f\u00fcr Kraftstoff ausgeben m\u00fcssen!","og_url":"https:\/\/ad.kress.com\/en\/commercial-grade-portable-power-station-kac877e\/","og_site_name":"Landing Kress","article_modified_time":"2025-08-05T08:29:11+00:00","og_image":[{"width":1980,"height":1980,"url":"https:\/\/ad.kress.com\/wp-content\/uploads\/onpage\/op_image_4b6733e79836435da9c8900d8c89414df613f1ec.1980x.webp","type":"image\/webp"}],"twitter_card":"summary_large_image","schema":{"@context":"https:\/\/schema.org","@graph":[{"@type":"WebPage","@id":"https:\/\/ad.kress.com\/en\/commercial-grade-portable-power-station-kac877e\/","url":"https:\/\/ad.kress.com\/en\/commercial-grade-portable-power-station-kac877e\/","name":"Tragbare Powerstation f\u00fcr den gewerblichen Einsatz - Landing Kress","isPartOf":{"@id":"https:\/\/ad.kress.com\/en-gb\/#website"},"primaryImageOfPage":{"@id":"https:\/\/ad.kress.com\/en\/commercial-grade-portable-power-station-kac877e\/#primaryimage"},"image":{"@id":"https:\/\/ad.kress.com\/en\/commercial-grade-portable-power-station-kac877e\/#primaryimage"},"thumbnailUrl":"https:\/\/ad.kress.com\/wp-content\/uploads\/onpage\/op_image_4b6733e79836435da9c8900d8c89414df613f1ec.1980x.webp","datePublished":"2025-04-04T07:57:37+00:00","dateModified":"2025-08-05T08:29:11+00:00","breadcrumb":{"@id":"https:\/\/ad.kress.com\/en\/commercial-grade-portable-power-station-kac877e\/#breadcrumb"},"inLanguage":"de-AT","potentialAction":[{"@type":"ReadAction","target":["https:\/\/ad.kress.com\/en\/commercial-grade-portable-power-station-kac877e\/"]}]},{"@type":"ImageObject","inLanguage":"de-AT","@id":"https:\/\/ad.kress.com\/en\/commercial-grade-portable-power-station-kac877e\/#primaryimage","url":"https:\/\/ad.kress.com\/wp-content\/uploads\/onpage\/op_image_4b6733e79836435da9c8900d8c89414df613f1ec.1980x.webp","contentUrl":"https:\/\/ad.kress.com\/wp-content\/uploads\/onpage\/op_image_4b6733e79836435da9c8900d8c89414df613f1ec.1980x.webp","width":1980,"height":1980},{"@type":"BreadcrumbList","@id":"https:\/\/ad.kress.com\/en\/commercial-grade-portable-power-station-kac877e\/#breadcrumb","itemListElement":[{"@type":"ListItem","position":1,"name":"Home","item":"https:\/\/ad.kress.com\/en-gb\/"},{"@type":"ListItem","position":2,"name":"Tragbare Powerstation f\u00fcr den gewerblichen Einsatz"}]},{"@type":"WebSite","@id":"https:\/\/ad.kress.com\/en-gb\/#website","url":"https:\/\/ad.kress.com\/en-gb\/","name":"Kress - Commercial outdoor power equipment","description":"Kress","publisher":{"@id":"https:\/\/ad.kress.com\/en-gb\/#organization"},"alternateName":"Kress","potentialAction":[{"@type":"SearchAction","target":{"@type":"EntryPoint","urlTemplate":"https:\/\/ad.kress.com\/en-gb\/?s={search_term_string}"},"query-input":{"@type":"PropertyValueSpecification","valueRequired":true,"valueName":"search_term_string"}}],"inLanguage":"de-AT"},{"@type":"Organization","@id":"https:\/\/ad.kress.com\/en-gb\/#organization","name":"Commercial outdoor power equipment","alternateName":"Kress","url":"https:\/\/ad.kress.com\/en-gb\/","logo":{"@type":"ImageObject","inLanguage":"de-AT","@id":"https:\/\/ad.kress.com\/en-gb\/#\/schema\/logo\/image\/","url":"https:\/\/ad.kress.com\/wp-content\/uploads\/2025\/01\/main-logo-kress.webp","contentUrl":"https:\/\/ad.kress.com\/wp-content\/uploads\/2025\/01\/main-logo-kress.webp","width":1038,"height":245,"caption":"Commercial outdoor power equipment"},"image":{"@id":"https:\/\/ad.kress.com\/en-gb\/#\/schema\/logo\/image\/"}}]}},"_links":{"self":[{"href":"https:\/\/ad.kress.com\/de-at\/wp-json\/wp\/v2\/product\/5925","targetHints":{"allow":["GET"]}}],"collection":[{"href":"https:\/\/ad.kress.com\/de-at\/wp-json\/wp\/v2\/product"}],"about":[{"href":"https:\/\/ad.kress.com\/de-at\/wp-json\/wp\/v2\/types\/product"}],"replies":[{"embeddable":true,"href":"https:\/\/ad.kress.com\/de-at\/wp-json\/wp\/v2\/comments?post=5925"}],"wp:featuredmedia":[{"embeddable":true,"href":"https:\/\/ad.kress.com\/de-at\/wp-json\/wp\/v2\/media\/10002"}],"wp:attachment":[{"href":"https:\/\/ad.kress.com\/de-at\/wp-json\/wp\/v2\/media?parent=5925"}],"wp:term":[{"taxonomy":"product_brand","embeddable":true,"href":"https:\/\/ad.kress.com\/de-at\/wp-json\/wp\/v2\/product_brand?post=5925"},{"taxonomy":"product_cat","embeddable":true,"href":"https:\/\/ad.kress.com\/de-at\/wp-json\/wp\/v2\/product_cat?post=5925"},{"taxonomy":"product_tag","embeddable":true,"href":"https:\/\/ad.kress.com\/de-at\/wp-json\/wp\/v2\/product_tag?post=5925"}],"curies":[{"name":"wp","href":"https:\/\/api.w.org\/{rel}","templated":true}]}}