{"id":7632,"date":"2025-04-04T07:57:58","date_gmt":"2025-04-04T07:57:58","guid":{"rendered":""},"modified":"2025-08-05T08:29:11","modified_gmt":"2025-08-05T08:29:11","slug":"knivklingesaet-2-0-knivklingesaet-samlesaet-kompakt-knivbeskyttelse-p-handtag-til-kc110-kac186","status":"publish","type":"product","link":"https:\/\/ad.kress.com\/da-dk\/knivklingesaet-2-0-knivklingesaet-samlesaet-kompakt-knivbeskyttelse-p-handtag-til-kc110-kac186\/","title":{"rendered":"Knivklinges\u00e6t 2.0 (knivklinges\u00e6t (samles\u00e6t), kompakt knivbeskyttelse, P-h\u00e5ndtag til KC110)"},"content":{"rendered":"<p>Kompatibel med: KC110<\/p>\n<p>Knivbladss\u00e6ttet 2.0 giver brugerne et samles\u00e6t, der hj\u00e6lper med at overf\u00f8re trimmerhovedet fra KC110 til knivbladet. <\/p>\n","protected":false},"excerpt":{"rendered":"<p>Kompatibel med: KC110 Knivbladss\u00e6ttet 2.0 giver brugerne et samles\u00e6t, der hj\u00e6lper med at overf\u00f8re trimmerhovedet fra KC110 til knivbladet.<\/p>\n","protected":false},"featured_media":11430,"comment_status":"closed","ping_status":"closed","template":"","meta":[],"product_brand":[],"product_cat":[],"product_tag":[],"class_list":{"0":"post-7632","1":"product","2":"type-product","3":"status-publish","4":"has-post-thumbnail","6":"entry","8":"first","9":"instock","10":"shipping-taxable","11":"purchasable","12":"product-type-simple"},"yoast_head":"<!-- This site is optimized with the Yoast SEO plugin v24.3 - https:\/\/yoast.com\/wordpress\/plugins\/seo\/ -->\n<title>Knivklinges\u00e6t 2.0 (knivklinges\u00e6t (samles\u00e6t), kompakt knivbeskyttelse, P-h\u00e5ndtag til KC110) - Landing Kress<\/title>\n<meta name=\"robots\" content=\"index, follow, max-snippet:-1, max-image-preview:large, max-video-preview:-1\" \/>\n<link rel=\"canonical\" href=\"https:\/\/ad.kress.com\/en\/knife-blade-working-set-2-0knife-blade-set-assemble-kit-compact-blade-guard-p-handle-for-kc110-kac186\/\" \/>\n<meta property=\"og:locale\" content=\"da_DK\" \/>\n<meta property=\"og:type\" content=\"article\" \/>\n<meta property=\"og:title\" content=\"Knivklinges\u00e6t 2.0 (knivklinges\u00e6t (samles\u00e6t), kompakt knivbeskyttelse, P-h\u00e5ndtag til KC110) - Landing Kress\" \/>\n<meta property=\"og:description\" content=\"Kompatibel med: KC110 Knivbladss\u00e6ttet 2.0 giver brugerne et samles\u00e6t, der hj\u00e6lper med at overf\u00f8re trimmerhovedet fra KC110 til knivbladet.\" \/>\n<meta property=\"og:url\" content=\"https:\/\/ad.kress.com\/en\/knife-blade-working-set-2-0knife-blade-set-assemble-kit-compact-blade-guard-p-handle-for-kc110-kac186\/\" \/>\n<meta property=\"og:site_name\" content=\"Landing Kress\" \/>\n<meta property=\"article:modified_time\" content=\"2025-08-05T08:29:11+00:00\" \/>\n<meta property=\"og:image\" content=\"https:\/\/ad.kress.com\/wp-content\/uploads\/onpage\/op_image_17725990379491a28ceea243a5e0b059d11cc6a2.1980x.webp\" \/>\n\t<meta property=\"og:image:width\" content=\"1980\" \/>\n\t<meta property=\"og:image:height\" content=\"1980\" \/>\n\t<meta property=\"og:image:type\" content=\"image\/webp\" \/>\n<meta name=\"twitter:card\" content=\"summary_large_image\" \/>\n<script type=\"application\/ld+json\" class=\"yoast-schema-graph\">{\"@context\":\"https:\/\/schema.org\",\"@graph\":[{\"@type\":\"WebPage\",\"@id\":\"https:\/\/ad.kress.com\/en\/knife-blade-working-set-2-0knife-blade-set-assemble-kit-compact-blade-guard-p-handle-for-kc110-kac186\/\",\"url\":\"https:\/\/ad.kress.com\/en\/knife-blade-working-set-2-0knife-blade-set-assemble-kit-compact-blade-guard-p-handle-for-kc110-kac186\/\",\"name\":\"Knivklinges\u00e6t 2.0 (knivklinges\u00e6t (samles\u00e6t), kompakt knivbeskyttelse, P-h\u00e5ndtag til KC110) - Landing Kress\",\"isPartOf\":{\"@id\":\"https:\/\/ad.kress.com\/en-gb\/#website\"},\"primaryImageOfPage\":{\"@id\":\"https:\/\/ad.kress.com\/en\/knife-blade-working-set-2-0knife-blade-set-assemble-kit-compact-blade-guard-p-handle-for-kc110-kac186\/#primaryimage\"},\"image\":{\"@id\":\"https:\/\/ad.kress.com\/en\/knife-blade-working-set-2-0knife-blade-set-assemble-kit-compact-blade-guard-p-handle-for-kc110-kac186\/#primaryimage\"},\"thumbnailUrl\":\"https:\/\/ad.kress.com\/wp-content\/uploads\/onpage\/op_image_17725990379491a28ceea243a5e0b059d11cc6a2.1980x.webp\",\"datePublished\":\"2025-04-04T07:57:58+00:00\",\"dateModified\":\"2025-08-05T08:29:11+00:00\",\"breadcrumb\":{\"@id\":\"https:\/\/ad.kress.com\/en\/knife-blade-working-set-2-0knife-blade-set-assemble-kit-compact-blade-guard-p-handle-for-kc110-kac186\/#breadcrumb\"},\"inLanguage\":\"da-DK\",\"potentialAction\":[{\"@type\":\"ReadAction\",\"target\":[\"https:\/\/ad.kress.com\/en\/knife-blade-working-set-2-0knife-blade-set-assemble-kit-compact-blade-guard-p-handle-for-kc110-kac186\/\"]}]},{\"@type\":\"ImageObject\",\"inLanguage\":\"da-DK\",\"@id\":\"https:\/\/ad.kress.com\/en\/knife-blade-working-set-2-0knife-blade-set-assemble-kit-compact-blade-guard-p-handle-for-kc110-kac186\/#primaryimage\",\"url\":\"https:\/\/ad.kress.com\/wp-content\/uploads\/onpage\/op_image_17725990379491a28ceea243a5e0b059d11cc6a2.1980x.webp\",\"contentUrl\":\"https:\/\/ad.kress.com\/wp-content\/uploads\/onpage\/op_image_17725990379491a28ceea243a5e0b059d11cc6a2.1980x.webp\",\"width\":1980,\"height\":1980},{\"@type\":\"BreadcrumbList\",\"@id\":\"https:\/\/ad.kress.com\/en\/knife-blade-working-set-2-0knife-blade-set-assemble-kit-compact-blade-guard-p-handle-for-kc110-kac186\/#breadcrumb\",\"itemListElement\":[{\"@type\":\"ListItem\",\"position\":1,\"name\":\"Home\",\"item\":\"https:\/\/ad.kress.com\/en-gb\/\"},{\"@type\":\"ListItem\",\"position\":2,\"name\":\"Knivklinges\u00e6t 2.0 (knivklinges\u00e6t (samles\u00e6t), kompakt knivbeskyttelse, P-h\u00e5ndtag til KC110)\"}]},{\"@type\":\"WebSite\",\"@id\":\"https:\/\/ad.kress.com\/en-gb\/#website\",\"url\":\"https:\/\/ad.kress.com\/en-gb\/\",\"name\":\"Kress - Commercial outdoor power equipment\",\"description\":\"Kress\",\"publisher\":{\"@id\":\"https:\/\/ad.kress.com\/en-gb\/#organization\"},\"alternateName\":\"Kress\",\"potentialAction\":[{\"@type\":\"SearchAction\",\"target\":{\"@type\":\"EntryPoint\",\"urlTemplate\":\"https:\/\/ad.kress.com\/en-gb\/?s={search_term_string}\"},\"query-input\":{\"@type\":\"PropertyValueSpecification\",\"valueRequired\":true,\"valueName\":\"search_term_string\"}}],\"inLanguage\":\"da-DK\"},{\"@type\":\"Organization\",\"@id\":\"https:\/\/ad.kress.com\/en-gb\/#organization\",\"name\":\"Commercial outdoor power equipment\",\"alternateName\":\"Kress\",\"url\":\"https:\/\/ad.kress.com\/en-gb\/\",\"logo\":{\"@type\":\"ImageObject\",\"inLanguage\":\"da-DK\",\"@id\":\"https:\/\/ad.kress.com\/en-gb\/#\/schema\/logo\/image\/\",\"url\":\"https:\/\/ad.kress.com\/wp-content\/uploads\/2025\/01\/main-logo-kress.webp\",\"contentUrl\":\"https:\/\/ad.kress.com\/wp-content\/uploads\/2025\/01\/main-logo-kress.webp\",\"width\":1038,\"height\":245,\"caption\":\"Commercial outdoor power equipment\"},\"image\":{\"@id\":\"https:\/\/ad.kress.com\/en-gb\/#\/schema\/logo\/image\/\"}}]}<\/script>\n<!-- \/ Yoast SEO plugin. -->","yoast_head_json":{"title":"Knivklinges\u00e6t 2.0 (knivklinges\u00e6t (samles\u00e6t), kompakt knivbeskyttelse, P-h\u00e5ndtag til KC110) - Landing Kress","robots":{"index":"index","follow":"follow","max-snippet":"max-snippet:-1","max-image-preview":"max-image-preview:large","max-video-preview":"max-video-preview:-1"},"canonical":"https:\/\/ad.kress.com\/en\/knife-blade-working-set-2-0knife-blade-set-assemble-kit-compact-blade-guard-p-handle-for-kc110-kac186\/","og_locale":"da_DK","og_type":"article","og_title":"Knivklinges\u00e6t 2.0 (knivklinges\u00e6t (samles\u00e6t), kompakt knivbeskyttelse, P-h\u00e5ndtag til KC110) - Landing Kress","og_description":"Kompatibel med: KC110 Knivbladss\u00e6ttet 2.0 giver brugerne et samles\u00e6t, der hj\u00e6lper med at overf\u00f8re trimmerhovedet fra KC110 til knivbladet.","og_url":"https:\/\/ad.kress.com\/en\/knife-blade-working-set-2-0knife-blade-set-assemble-kit-compact-blade-guard-p-handle-for-kc110-kac186\/","og_site_name":"Landing Kress","article_modified_time":"2025-08-05T08:29:11+00:00","og_image":[{"width":1980,"height":1980,"url":"https:\/\/ad.kress.com\/wp-content\/uploads\/onpage\/op_image_17725990379491a28ceea243a5e0b059d11cc6a2.1980x.webp","type":"image\/webp"}],"twitter_card":"summary_large_image","schema":{"@context":"https:\/\/schema.org","@graph":[{"@type":"WebPage","@id":"https:\/\/ad.kress.com\/en\/knife-blade-working-set-2-0knife-blade-set-assemble-kit-compact-blade-guard-p-handle-for-kc110-kac186\/","url":"https:\/\/ad.kress.com\/en\/knife-blade-working-set-2-0knife-blade-set-assemble-kit-compact-blade-guard-p-handle-for-kc110-kac186\/","name":"Knivklinges\u00e6t 2.0 (knivklinges\u00e6t (samles\u00e6t), kompakt knivbeskyttelse, P-h\u00e5ndtag til KC110) - Landing Kress","isPartOf":{"@id":"https:\/\/ad.kress.com\/en-gb\/#website"},"primaryImageOfPage":{"@id":"https:\/\/ad.kress.com\/en\/knife-blade-working-set-2-0knife-blade-set-assemble-kit-compact-blade-guard-p-handle-for-kc110-kac186\/#primaryimage"},"image":{"@id":"https:\/\/ad.kress.com\/en\/knife-blade-working-set-2-0knife-blade-set-assemble-kit-compact-blade-guard-p-handle-for-kc110-kac186\/#primaryimage"},"thumbnailUrl":"https:\/\/ad.kress.com\/wp-content\/uploads\/onpage\/op_image_17725990379491a28ceea243a5e0b059d11cc6a2.1980x.webp","datePublished":"2025-04-04T07:57:58+00:00","dateModified":"2025-08-05T08:29:11+00:00","breadcrumb":{"@id":"https:\/\/ad.kress.com\/en\/knife-blade-working-set-2-0knife-blade-set-assemble-kit-compact-blade-guard-p-handle-for-kc110-kac186\/#breadcrumb"},"inLanguage":"da-DK","potentialAction":[{"@type":"ReadAction","target":["https:\/\/ad.kress.com\/en\/knife-blade-working-set-2-0knife-blade-set-assemble-kit-compact-blade-guard-p-handle-for-kc110-kac186\/"]}]},{"@type":"ImageObject","inLanguage":"da-DK","@id":"https:\/\/ad.kress.com\/en\/knife-blade-working-set-2-0knife-blade-set-assemble-kit-compact-blade-guard-p-handle-for-kc110-kac186\/#primaryimage","url":"https:\/\/ad.kress.com\/wp-content\/uploads\/onpage\/op_image_17725990379491a28ceea243a5e0b059d11cc6a2.1980x.webp","contentUrl":"https:\/\/ad.kress.com\/wp-content\/uploads\/onpage\/op_image_17725990379491a28ceea243a5e0b059d11cc6a2.1980x.webp","width":1980,"height":1980},{"@type":"BreadcrumbList","@id":"https:\/\/ad.kress.com\/en\/knife-blade-working-set-2-0knife-blade-set-assemble-kit-compact-blade-guard-p-handle-for-kc110-kac186\/#breadcrumb","itemListElement":[{"@type":"ListItem","position":1,"name":"Home","item":"https:\/\/ad.kress.com\/en-gb\/"},{"@type":"ListItem","position":2,"name":"Knivklinges\u00e6t 2.0 (knivklinges\u00e6t (samles\u00e6t), kompakt knivbeskyttelse, P-h\u00e5ndtag til KC110)"}]},{"@type":"WebSite","@id":"https:\/\/ad.kress.com\/en-gb\/#website","url":"https:\/\/ad.kress.com\/en-gb\/","name":"Kress - Commercial outdoor power equipment","description":"Kress","publisher":{"@id":"https:\/\/ad.kress.com\/en-gb\/#organization"},"alternateName":"Kress","potentialAction":[{"@type":"SearchAction","target":{"@type":"EntryPoint","urlTemplate":"https:\/\/ad.kress.com\/en-gb\/?s={search_term_string}"},"query-input":{"@type":"PropertyValueSpecification","valueRequired":true,"valueName":"search_term_string"}}],"inLanguage":"da-DK"},{"@type":"Organization","@id":"https:\/\/ad.kress.com\/en-gb\/#organization","name":"Commercial outdoor power equipment","alternateName":"Kress","url":"https:\/\/ad.kress.com\/en-gb\/","logo":{"@type":"ImageObject","inLanguage":"da-DK","@id":"https:\/\/ad.kress.com\/en-gb\/#\/schema\/logo\/image\/","url":"https:\/\/ad.kress.com\/wp-content\/uploads\/2025\/01\/main-logo-kress.webp","contentUrl":"https:\/\/ad.kress.com\/wp-content\/uploads\/2025\/01\/main-logo-kress.webp","width":1038,"height":245,"caption":"Commercial outdoor power equipment"},"image":{"@id":"https:\/\/ad.kress.com\/en-gb\/#\/schema\/logo\/image\/"}}]}},"_links":{"self":[{"href":"https:\/\/ad.kress.com\/da-dk\/wp-json\/wp\/v2\/product\/7632","targetHints":{"allow":["GET"]}}],"collection":[{"href":"https:\/\/ad.kress.com\/da-dk\/wp-json\/wp\/v2\/product"}],"about":[{"href":"https:\/\/ad.kress.com\/da-dk\/wp-json\/wp\/v2\/types\/product"}],"replies":[{"embeddable":true,"href":"https:\/\/ad.kress.com\/da-dk\/wp-json\/wp\/v2\/comments?post=7632"}],"wp:featuredmedia":[{"embeddable":true,"href":"https:\/\/ad.kress.com\/da-dk\/wp-json\/wp\/v2\/media\/11430"}],"wp:attachment":[{"href":"https:\/\/ad.kress.com\/da-dk\/wp-json\/wp\/v2\/media?parent=7632"}],"wp:term":[{"taxonomy":"product_brand","embeddable":true,"href":"https:\/\/ad.kress.com\/da-dk\/wp-json\/wp\/v2\/product_brand?post=7632"},{"taxonomy":"product_cat","embeddable":true,"href":"https:\/\/ad.kress.com\/da-dk\/wp-json\/wp\/v2\/product_cat?post=7632"},{"taxonomy":"product_tag","embeddable":true,"href":"https:\/\/ad.kress.com\/da-dk\/wp-json\/wp\/v2\/product_tag?post=7632"}],"curies":[{"name":"wp","href":"https:\/\/api.w.org\/{rel}","templated":true}]}}