{"id":7452,"date":"2025-04-04T07:57:56","date_gmt":"2025-04-04T07:57:56","guid":{"rendered":""},"modified":"2025-08-05T08:29:11","modified_gmt":"2025-08-05T08:29:11","slug":"kress-60-v-21-selvkorende-plaeneklipper-med-to-knive-kg761","status":"publish","type":"product","link":"https:\/\/ad.kress.com\/da-dk\/kress-60-v-21-selvkorende-plaeneklipper-med-to-knive-kg761\/","title":{"rendered":"60 V pl\u00e6neklipper"},"content":{"rendered":"<p>Kress KG761 er en selvk\u00f8rende pl\u00e6neklipper med to knive, der er bygget til professionelle. Med et drejningsmoment p\u00e5 8,3 lb-ft leverer den en kraftfuld, anti-tilstopningsydelse for kontinuerlig klipning og holdbarhed. . Bakker og skr\u00e5ninger er ingen udfordring takket v\u00e6re problemfri klatring og en tophastighed p\u00e5 3,7 MPH. En rummelig pose p\u00e5 2,3 b\u00e6lter reducerer oprydningstiden, mens hurtigskift til bioklip, opsamling og sideudkast maksimerer effektiviteten. Ideel til pl\u00e6ner p\u00e5 op til 1,5 hektar.<\/p>\n","protected":false},"excerpt":{"rendered":"<p>Kress KG761 er en selvk\u00f8rende pl\u00e6neklipper med to knive, der er bygget til professionelle. Med et drejningsmoment p\u00e5 8,3 lb-ft leverer den en kraftfuld, anti-tilstopningsydelse for kontinuerlig klipning og holdbarhed. . Bakker og skr\u00e5ninger er ingen udfordring takket v\u00e6re problemfri klatring og en tophastighed p\u00e5 3,7 MPH. En rummelig pose p\u00e5 2,3 b\u00e6lter reducerer oprydningstiden,&hellip; <a class=\"more-link\" href=\"https:\/\/ad.kress.com\/da-dk\/kress-60-v-21-selvkorende-plaeneklipper-med-to-knive-kg761\/\">Continue reading <span class=\"screen-reader-text\">60 V pl\u00e6neklipper<\/span><\/a><\/p>\n","protected":false},"featured_media":11226,"comment_status":"closed","ping_status":"closed","template":"","meta":[],"product_brand":[],"product_cat":[],"product_tag":[],"class_list":{"0":"post-7452","1":"product","2":"type-product","3":"status-publish","4":"has-post-thumbnail","6":"entry","8":"first","9":"instock","10":"shipping-taxable","11":"product-type-simple"},"yoast_head":"<!-- This site is optimized with the Yoast SEO plugin v24.3 - https:\/\/yoast.com\/wordpress\/plugins\/seo\/ -->\n<title>60 V pl\u00e6neklipper - Landing Kress<\/title>\n<meta name=\"robots\" content=\"index, follow, max-snippet:-1, max-image-preview:large, max-video-preview:-1\" \/>\n<link rel=\"canonical\" href=\"https:\/\/ad.kress.com\/en\/kress-60-v-21-self-propelled-twin-blade-mower-kg761\/\" \/>\n<meta property=\"og:locale\" content=\"da_DK\" \/>\n<meta property=\"og:type\" content=\"article\" \/>\n<meta property=\"og:title\" content=\"60 V pl\u00e6neklipper - Landing Kress\" \/>\n<meta property=\"og:description\" content=\"Kress KG761 er en selvk\u00f8rende pl\u00e6neklipper med to knive, der er bygget til professionelle. Med et drejningsmoment p\u00e5 8,3 lb-ft leverer den en kraftfuld, anti-tilstopningsydelse for kontinuerlig klipning og holdbarhed. . Bakker og skr\u00e5ninger er ingen udfordring takket v\u00e6re problemfri klatring og en tophastighed p\u00e5 3,7 MPH. En rummelig pose p\u00e5 2,3 b\u00e6lter reducerer oprydningstiden,&hellip; Continue reading 60 V pl\u00e6neklipper\" \/>\n<meta property=\"og:url\" content=\"https:\/\/ad.kress.com\/en\/kress-60-v-21-self-propelled-twin-blade-mower-kg761\/\" \/>\n<meta property=\"og:site_name\" content=\"Landing Kress\" \/>\n<meta property=\"article:modified_time\" content=\"2025-08-05T08:29:11+00:00\" \/>\n<meta property=\"og:image\" content=\"https:\/\/ad.kress.com\/wp-content\/uploads\/onpage\/op_image_fefaf6a645a7653e8b696347ac832f6e27f6d3e3.1980x.webp\" \/>\n\t<meta property=\"og:image:width\" content=\"1980\" \/>\n\t<meta property=\"og:image:height\" content=\"1980\" \/>\n\t<meta property=\"og:image:type\" content=\"image\/webp\" \/>\n<meta name=\"twitter:card\" content=\"summary_large_image\" \/>\n<script type=\"application\/ld+json\" class=\"yoast-schema-graph\">{\"@context\":\"https:\/\/schema.org\",\"@graph\":[{\"@type\":\"WebPage\",\"@id\":\"https:\/\/ad.kress.com\/en\/kress-60-v-21-self-propelled-twin-blade-mower-kg761\/\",\"url\":\"https:\/\/ad.kress.com\/en\/kress-60-v-21-self-propelled-twin-blade-mower-kg761\/\",\"name\":\"60 V pl\u00e6neklipper - Landing Kress\",\"isPartOf\":{\"@id\":\"https:\/\/ad.kress.com\/en-gb\/#website\"},\"primaryImageOfPage\":{\"@id\":\"https:\/\/ad.kress.com\/en\/kress-60-v-21-self-propelled-twin-blade-mower-kg761\/#primaryimage\"},\"image\":{\"@id\":\"https:\/\/ad.kress.com\/en\/kress-60-v-21-self-propelled-twin-blade-mower-kg761\/#primaryimage\"},\"thumbnailUrl\":\"https:\/\/ad.kress.com\/wp-content\/uploads\/onpage\/op_image_fefaf6a645a7653e8b696347ac832f6e27f6d3e3.1980x.webp\",\"datePublished\":\"2025-04-04T07:57:56+00:00\",\"dateModified\":\"2025-08-05T08:29:11+00:00\",\"breadcrumb\":{\"@id\":\"https:\/\/ad.kress.com\/en\/kress-60-v-21-self-propelled-twin-blade-mower-kg761\/#breadcrumb\"},\"inLanguage\":\"da-DK\",\"potentialAction\":[{\"@type\":\"ReadAction\",\"target\":[\"https:\/\/ad.kress.com\/en\/kress-60-v-21-self-propelled-twin-blade-mower-kg761\/\"]}]},{\"@type\":\"ImageObject\",\"inLanguage\":\"da-DK\",\"@id\":\"https:\/\/ad.kress.com\/en\/kress-60-v-21-self-propelled-twin-blade-mower-kg761\/#primaryimage\",\"url\":\"https:\/\/ad.kress.com\/wp-content\/uploads\/onpage\/op_image_fefaf6a645a7653e8b696347ac832f6e27f6d3e3.1980x.webp\",\"contentUrl\":\"https:\/\/ad.kress.com\/wp-content\/uploads\/onpage\/op_image_fefaf6a645a7653e8b696347ac832f6e27f6d3e3.1980x.webp\",\"width\":1980,\"height\":1980},{\"@type\":\"BreadcrumbList\",\"@id\":\"https:\/\/ad.kress.com\/en\/kress-60-v-21-self-propelled-twin-blade-mower-kg761\/#breadcrumb\",\"itemListElement\":[{\"@type\":\"ListItem\",\"position\":1,\"name\":\"Home\",\"item\":\"https:\/\/ad.kress.com\/en-gb\/\"},{\"@type\":\"ListItem\",\"position\":2,\"name\":\"Kress 60 V 21&#8243; selvk\u00f8rende pl\u00e6neklipper med to knive\"}]},{\"@type\":\"WebSite\",\"@id\":\"https:\/\/ad.kress.com\/en-gb\/#website\",\"url\":\"https:\/\/ad.kress.com\/en-gb\/\",\"name\":\"Kress - Commercial outdoor power equipment\",\"description\":\"Kress\",\"publisher\":{\"@id\":\"https:\/\/ad.kress.com\/en-gb\/#organization\"},\"alternateName\":\"Kress\",\"potentialAction\":[{\"@type\":\"SearchAction\",\"target\":{\"@type\":\"EntryPoint\",\"urlTemplate\":\"https:\/\/ad.kress.com\/en-gb\/?s={search_term_string}\"},\"query-input\":{\"@type\":\"PropertyValueSpecification\",\"valueRequired\":true,\"valueName\":\"search_term_string\"}}],\"inLanguage\":\"da-DK\"},{\"@type\":\"Organization\",\"@id\":\"https:\/\/ad.kress.com\/en-gb\/#organization\",\"name\":\"Commercial outdoor power equipment\",\"alternateName\":\"Kress\",\"url\":\"https:\/\/ad.kress.com\/en-gb\/\",\"logo\":{\"@type\":\"ImageObject\",\"inLanguage\":\"da-DK\",\"@id\":\"https:\/\/ad.kress.com\/en-gb\/#\/schema\/logo\/image\/\",\"url\":\"https:\/\/ad.kress.com\/wp-content\/uploads\/2025\/01\/main-logo-kress.webp\",\"contentUrl\":\"https:\/\/ad.kress.com\/wp-content\/uploads\/2025\/01\/main-logo-kress.webp\",\"width\":1038,\"height\":245,\"caption\":\"Commercial outdoor power equipment\"},\"image\":{\"@id\":\"https:\/\/ad.kress.com\/en-gb\/#\/schema\/logo\/image\/\"}}]}<\/script>\n<!-- \/ Yoast SEO plugin. -->","yoast_head_json":{"title":"60 V pl\u00e6neklipper - Landing Kress","robots":{"index":"index","follow":"follow","max-snippet":"max-snippet:-1","max-image-preview":"max-image-preview:large","max-video-preview":"max-video-preview:-1"},"canonical":"https:\/\/ad.kress.com\/en\/kress-60-v-21-self-propelled-twin-blade-mower-kg761\/","og_locale":"da_DK","og_type":"article","og_title":"60 V pl\u00e6neklipper - Landing Kress","og_description":"Kress KG761 er en selvk\u00f8rende pl\u00e6neklipper med to knive, der er bygget til professionelle. Med et drejningsmoment p\u00e5 8,3 lb-ft leverer den en kraftfuld, anti-tilstopningsydelse for kontinuerlig klipning og holdbarhed. . Bakker og skr\u00e5ninger er ingen udfordring takket v\u00e6re problemfri klatring og en tophastighed p\u00e5 3,7 MPH. En rummelig pose p\u00e5 2,3 b\u00e6lter reducerer oprydningstiden,&hellip; Continue reading 60 V pl\u00e6neklipper","og_url":"https:\/\/ad.kress.com\/en\/kress-60-v-21-self-propelled-twin-blade-mower-kg761\/","og_site_name":"Landing Kress","article_modified_time":"2025-08-05T08:29:11+00:00","og_image":[{"width":1980,"height":1980,"url":"https:\/\/ad.kress.com\/wp-content\/uploads\/onpage\/op_image_fefaf6a645a7653e8b696347ac832f6e27f6d3e3.1980x.webp","type":"image\/webp"}],"twitter_card":"summary_large_image","schema":{"@context":"https:\/\/schema.org","@graph":[{"@type":"WebPage","@id":"https:\/\/ad.kress.com\/en\/kress-60-v-21-self-propelled-twin-blade-mower-kg761\/","url":"https:\/\/ad.kress.com\/en\/kress-60-v-21-self-propelled-twin-blade-mower-kg761\/","name":"60 V pl\u00e6neklipper - Landing Kress","isPartOf":{"@id":"https:\/\/ad.kress.com\/en-gb\/#website"},"primaryImageOfPage":{"@id":"https:\/\/ad.kress.com\/en\/kress-60-v-21-self-propelled-twin-blade-mower-kg761\/#primaryimage"},"image":{"@id":"https:\/\/ad.kress.com\/en\/kress-60-v-21-self-propelled-twin-blade-mower-kg761\/#primaryimage"},"thumbnailUrl":"https:\/\/ad.kress.com\/wp-content\/uploads\/onpage\/op_image_fefaf6a645a7653e8b696347ac832f6e27f6d3e3.1980x.webp","datePublished":"2025-04-04T07:57:56+00:00","dateModified":"2025-08-05T08:29:11+00:00","breadcrumb":{"@id":"https:\/\/ad.kress.com\/en\/kress-60-v-21-self-propelled-twin-blade-mower-kg761\/#breadcrumb"},"inLanguage":"da-DK","potentialAction":[{"@type":"ReadAction","target":["https:\/\/ad.kress.com\/en\/kress-60-v-21-self-propelled-twin-blade-mower-kg761\/"]}]},{"@type":"ImageObject","inLanguage":"da-DK","@id":"https:\/\/ad.kress.com\/en\/kress-60-v-21-self-propelled-twin-blade-mower-kg761\/#primaryimage","url":"https:\/\/ad.kress.com\/wp-content\/uploads\/onpage\/op_image_fefaf6a645a7653e8b696347ac832f6e27f6d3e3.1980x.webp","contentUrl":"https:\/\/ad.kress.com\/wp-content\/uploads\/onpage\/op_image_fefaf6a645a7653e8b696347ac832f6e27f6d3e3.1980x.webp","width":1980,"height":1980},{"@type":"BreadcrumbList","@id":"https:\/\/ad.kress.com\/en\/kress-60-v-21-self-propelled-twin-blade-mower-kg761\/#breadcrumb","itemListElement":[{"@type":"ListItem","position":1,"name":"Home","item":"https:\/\/ad.kress.com\/en-gb\/"},{"@type":"ListItem","position":2,"name":"Kress 60 V 21&#8243; selvk\u00f8rende pl\u00e6neklipper med to knive"}]},{"@type":"WebSite","@id":"https:\/\/ad.kress.com\/en-gb\/#website","url":"https:\/\/ad.kress.com\/en-gb\/","name":"Kress - Commercial outdoor power equipment","description":"Kress","publisher":{"@id":"https:\/\/ad.kress.com\/en-gb\/#organization"},"alternateName":"Kress","potentialAction":[{"@type":"SearchAction","target":{"@type":"EntryPoint","urlTemplate":"https:\/\/ad.kress.com\/en-gb\/?s={search_term_string}"},"query-input":{"@type":"PropertyValueSpecification","valueRequired":true,"valueName":"search_term_string"}}],"inLanguage":"da-DK"},{"@type":"Organization","@id":"https:\/\/ad.kress.com\/en-gb\/#organization","name":"Commercial outdoor power equipment","alternateName":"Kress","url":"https:\/\/ad.kress.com\/en-gb\/","logo":{"@type":"ImageObject","inLanguage":"da-DK","@id":"https:\/\/ad.kress.com\/en-gb\/#\/schema\/logo\/image\/","url":"https:\/\/ad.kress.com\/wp-content\/uploads\/2025\/01\/main-logo-kress.webp","contentUrl":"https:\/\/ad.kress.com\/wp-content\/uploads\/2025\/01\/main-logo-kress.webp","width":1038,"height":245,"caption":"Commercial outdoor power equipment"},"image":{"@id":"https:\/\/ad.kress.com\/en-gb\/#\/schema\/logo\/image\/"}}]}},"_links":{"self":[{"href":"https:\/\/ad.kress.com\/da-dk\/wp-json\/wp\/v2\/product\/7452","targetHints":{"allow":["GET"]}}],"collection":[{"href":"https:\/\/ad.kress.com\/da-dk\/wp-json\/wp\/v2\/product"}],"about":[{"href":"https:\/\/ad.kress.com\/da-dk\/wp-json\/wp\/v2\/types\/product"}],"replies":[{"embeddable":true,"href":"https:\/\/ad.kress.com\/da-dk\/wp-json\/wp\/v2\/comments?post=7452"}],"wp:featuredmedia":[{"embeddable":true,"href":"https:\/\/ad.kress.com\/da-dk\/wp-json\/wp\/v2\/media\/11226"}],"wp:attachment":[{"href":"https:\/\/ad.kress.com\/da-dk\/wp-json\/wp\/v2\/media?parent=7452"}],"wp:term":[{"taxonomy":"product_brand","embeddable":true,"href":"https:\/\/ad.kress.com\/da-dk\/wp-json\/wp\/v2\/product_brand?post=7452"},{"taxonomy":"product_cat","embeddable":true,"href":"https:\/\/ad.kress.com\/da-dk\/wp-json\/wp\/v2\/product_cat?post=7452"},{"taxonomy":"product_tag","embeddable":true,"href":"https:\/\/ad.kress.com\/da-dk\/wp-json\/wp\/v2\/product_tag?post=7452"}],"curies":[{"name":"wp","href":"https:\/\/api.w.org\/{rel}","templated":true}]}}