{"id":7342,"date":"2025-04-04T07:57:55","date_gmt":"2025-04-04T07:57:55","guid":{"rendered":""},"modified":"2025-08-05T08:29:11","modified_gmt":"2025-08-05T08:29:11","slug":"kress-40-v-21-selvkorende-borstelos-plaeneklipper-kg754","status":"publish","type":"product","link":"https:\/\/ad.kress.com\/da-dk\/kress-40-v-21-selvkorende-borstelos-plaeneklipper-kg754\/","title":{"rendered":"40 V pl\u00e6neklipper"},"content":{"rendered":"<p>KG754 leverer 1,2 kW b\u00f8rstel\u00f8s effektivitet med et 21&#8243; klippebord og et h\u00f8jdeinterval p\u00e5 1,5&#8243;-4,0&#8243; for en fejlfri finish. Dens letv\u00e6gtspolymerhus er holdbart, men alligevel smidigt, mens det selvk\u00f8rende drev reducerer indsatsen, s\u00e5 du kan d\u00e6kke op til en halv hektar uden at f\u00e5 sved p\u00e5 panden. V\u00e6lg mellem bioklip, opsamling eller bagudkast for at matche din klippestil.<\/p>\n","protected":false},"excerpt":{"rendered":"<p>KG754 leverer 1,2 kW b\u00f8rstel\u00f8s effektivitet med et 21&#8243; klippebord og et h\u00f8jdeinterval p\u00e5 1,5&#8243;-4,0&#8243; for en fejlfri finish. Dens letv\u00e6gtspolymerhus er holdbart, men alligevel smidigt, mens det selvk\u00f8rende drev reducerer indsatsen, s\u00e5 du kan d\u00e6kke op til en halv hektar uden at f\u00e5 sved p\u00e5 panden. V\u00e6lg mellem bioklip, opsamling eller bagudkast for at&hellip; <a class=\"more-link\" href=\"https:\/\/ad.kress.com\/da-dk\/kress-40-v-21-selvkorende-borstelos-plaeneklipper-kg754\/\">Continue reading <span class=\"screen-reader-text\">40 V pl\u00e6neklipper<\/span><\/a><\/p>\n","protected":false},"featured_media":11175,"comment_status":"closed","ping_status":"closed","template":"","meta":[],"product_brand":[],"product_cat":[],"product_tag":[],"class_list":{"0":"post-7342","1":"product","2":"type-product","3":"status-publish","4":"has-post-thumbnail","6":"entry","8":"first","9":"instock","10":"shipping-taxable","11":"product-type-simple"},"yoast_head":"<!-- This site is optimized with the Yoast SEO plugin v24.3 - https:\/\/yoast.com\/wordpress\/plugins\/seo\/ -->\n<title>40 V pl\u00e6neklipper - Landing Kress<\/title>\n<meta name=\"robots\" content=\"index, follow, max-snippet:-1, max-image-preview:large, max-video-preview:-1\" \/>\n<link rel=\"canonical\" href=\"https:\/\/ad.kress.com\/da-dk\/kress-40-v-21-selvkorende-borstelos-plaeneklipper-kg754\/\" \/>\n<meta property=\"og:locale\" content=\"da_DK\" \/>\n<meta property=\"og:type\" content=\"article\" \/>\n<meta property=\"og:title\" content=\"40 V pl\u00e6neklipper - Landing Kress\" \/>\n<meta property=\"og:description\" content=\"KG754 leverer 1,2 kW b\u00f8rstel\u00f8s effektivitet med et 21&#8243; klippebord og et h\u00f8jdeinterval p\u00e5 1,5&#8243;-4,0&#8243; for en fejlfri finish. Dens letv\u00e6gtspolymerhus er holdbart, men alligevel smidigt, mens det selvk\u00f8rende drev reducerer indsatsen, s\u00e5 du kan d\u00e6kke op til en halv hektar uden at f\u00e5 sved p\u00e5 panden. V\u00e6lg mellem bioklip, opsamling eller bagudkast for at&hellip; Continue reading 40 V pl\u00e6neklipper\" \/>\n<meta property=\"og:url\" content=\"https:\/\/ad.kress.com\/da-dk\/kress-40-v-21-selvkorende-borstelos-plaeneklipper-kg754\/\" \/>\n<meta property=\"og:site_name\" content=\"Landing Kress\" \/>\n<meta property=\"article:modified_time\" content=\"2025-08-05T08:29:11+00:00\" \/>\n<meta property=\"og:image\" content=\"https:\/\/ad.kress.com\/wp-content\/uploads\/onpage\/op_image_2d4dd91a1beac33cc5ebc496bb8b1096e506fd99.1980x.webp\" \/>\n\t<meta property=\"og:image:width\" content=\"1980\" \/>\n\t<meta property=\"og:image:height\" content=\"1980\" \/>\n\t<meta property=\"og:image:type\" content=\"image\/webp\" \/>\n<meta name=\"twitter:card\" content=\"summary_large_image\" \/>\n<script type=\"application\/ld+json\" class=\"yoast-schema-graph\">{\"@context\":\"https:\/\/schema.org\",\"@graph\":[{\"@type\":\"WebPage\",\"@id\":\"https:\/\/ad.kress.com\/da-dk\/kress-40-v-21-selvkorende-borstelos-plaeneklipper-kg754\/\",\"url\":\"https:\/\/ad.kress.com\/da-dk\/kress-40-v-21-selvkorende-borstelos-plaeneklipper-kg754\/\",\"name\":\"40 V pl\u00e6neklipper - Landing Kress\",\"isPartOf\":{\"@id\":\"https:\/\/ad.kress.com\/en-gb\/#website\"},\"primaryImageOfPage\":{\"@id\":\"https:\/\/ad.kress.com\/da-dk\/kress-40-v-21-selvkorende-borstelos-plaeneklipper-kg754\/#primaryimage\"},\"image\":{\"@id\":\"https:\/\/ad.kress.com\/da-dk\/kress-40-v-21-selvkorende-borstelos-plaeneklipper-kg754\/#primaryimage\"},\"thumbnailUrl\":\"https:\/\/ad.kress.com\/wp-content\/uploads\/onpage\/op_image_2d4dd91a1beac33cc5ebc496bb8b1096e506fd99.1980x.webp\",\"datePublished\":\"2025-04-04T07:57:55+00:00\",\"dateModified\":\"2025-08-05T08:29:11+00:00\",\"breadcrumb\":{\"@id\":\"https:\/\/ad.kress.com\/da-dk\/kress-40-v-21-selvkorende-borstelos-plaeneklipper-kg754\/#breadcrumb\"},\"inLanguage\":\"da-DK\",\"potentialAction\":[{\"@type\":\"ReadAction\",\"target\":[\"https:\/\/ad.kress.com\/da-dk\/kress-40-v-21-selvkorende-borstelos-plaeneklipper-kg754\/\"]}]},{\"@type\":\"ImageObject\",\"inLanguage\":\"da-DK\",\"@id\":\"https:\/\/ad.kress.com\/da-dk\/kress-40-v-21-selvkorende-borstelos-plaeneklipper-kg754\/#primaryimage\",\"url\":\"https:\/\/ad.kress.com\/wp-content\/uploads\/onpage\/op_image_2d4dd91a1beac33cc5ebc496bb8b1096e506fd99.1980x.webp\",\"contentUrl\":\"https:\/\/ad.kress.com\/wp-content\/uploads\/onpage\/op_image_2d4dd91a1beac33cc5ebc496bb8b1096e506fd99.1980x.webp\",\"width\":1980,\"height\":1980},{\"@type\":\"BreadcrumbList\",\"@id\":\"https:\/\/ad.kress.com\/da-dk\/kress-40-v-21-selvkorende-borstelos-plaeneklipper-kg754\/#breadcrumb\",\"itemListElement\":[{\"@type\":\"ListItem\",\"position\":1,\"name\":\"Home\",\"item\":\"https:\/\/ad.kress.com\/en-gb\/\"},{\"@type\":\"ListItem\",\"position\":2,\"name\":\"Kress 40 V 21&#8243; selvk\u00f8rende b\u00f8rstel\u00f8s pl\u00e6neklipper\"}]},{\"@type\":\"WebSite\",\"@id\":\"https:\/\/ad.kress.com\/en-gb\/#website\",\"url\":\"https:\/\/ad.kress.com\/en-gb\/\",\"name\":\"Kress - Commercial outdoor power equipment\",\"description\":\"Kress\",\"publisher\":{\"@id\":\"https:\/\/ad.kress.com\/en-gb\/#organization\"},\"alternateName\":\"Kress\",\"potentialAction\":[{\"@type\":\"SearchAction\",\"target\":{\"@type\":\"EntryPoint\",\"urlTemplate\":\"https:\/\/ad.kress.com\/en-gb\/?s={search_term_string}\"},\"query-input\":{\"@type\":\"PropertyValueSpecification\",\"valueRequired\":true,\"valueName\":\"search_term_string\"}}],\"inLanguage\":\"da-DK\"},{\"@type\":\"Organization\",\"@id\":\"https:\/\/ad.kress.com\/en-gb\/#organization\",\"name\":\"Commercial outdoor power equipment\",\"alternateName\":\"Kress\",\"url\":\"https:\/\/ad.kress.com\/en-gb\/\",\"logo\":{\"@type\":\"ImageObject\",\"inLanguage\":\"da-DK\",\"@id\":\"https:\/\/ad.kress.com\/en-gb\/#\/schema\/logo\/image\/\",\"url\":\"https:\/\/ad.kress.com\/wp-content\/uploads\/2025\/01\/main-logo-kress.webp\",\"contentUrl\":\"https:\/\/ad.kress.com\/wp-content\/uploads\/2025\/01\/main-logo-kress.webp\",\"width\":1038,\"height\":245,\"caption\":\"Commercial outdoor power equipment\"},\"image\":{\"@id\":\"https:\/\/ad.kress.com\/en-gb\/#\/schema\/logo\/image\/\"}}]}<\/script>\n<!-- \/ Yoast SEO plugin. -->","yoast_head_json":{"title":"40 V pl\u00e6neklipper - Landing Kress","robots":{"index":"index","follow":"follow","max-snippet":"max-snippet:-1","max-image-preview":"max-image-preview:large","max-video-preview":"max-video-preview:-1"},"canonical":"https:\/\/ad.kress.com\/da-dk\/kress-40-v-21-selvkorende-borstelos-plaeneklipper-kg754\/","og_locale":"da_DK","og_type":"article","og_title":"40 V pl\u00e6neklipper - Landing Kress","og_description":"KG754 leverer 1,2 kW b\u00f8rstel\u00f8s effektivitet med et 21&#8243; klippebord og et h\u00f8jdeinterval p\u00e5 1,5&#8243;-4,0&#8243; for en fejlfri finish. Dens letv\u00e6gtspolymerhus er holdbart, men alligevel smidigt, mens det selvk\u00f8rende drev reducerer indsatsen, s\u00e5 du kan d\u00e6kke op til en halv hektar uden at f\u00e5 sved p\u00e5 panden. V\u00e6lg mellem bioklip, opsamling eller bagudkast for at&hellip; Continue reading 40 V pl\u00e6neklipper","og_url":"https:\/\/ad.kress.com\/da-dk\/kress-40-v-21-selvkorende-borstelos-plaeneklipper-kg754\/","og_site_name":"Landing Kress","article_modified_time":"2025-08-05T08:29:11+00:00","og_image":[{"width":1980,"height":1980,"url":"https:\/\/ad.kress.com\/wp-content\/uploads\/onpage\/op_image_2d4dd91a1beac33cc5ebc496bb8b1096e506fd99.1980x.webp","type":"image\/webp"}],"twitter_card":"summary_large_image","schema":{"@context":"https:\/\/schema.org","@graph":[{"@type":"WebPage","@id":"https:\/\/ad.kress.com\/da-dk\/kress-40-v-21-selvkorende-borstelos-plaeneklipper-kg754\/","url":"https:\/\/ad.kress.com\/da-dk\/kress-40-v-21-selvkorende-borstelos-plaeneklipper-kg754\/","name":"40 V pl\u00e6neklipper - Landing Kress","isPartOf":{"@id":"https:\/\/ad.kress.com\/en-gb\/#website"},"primaryImageOfPage":{"@id":"https:\/\/ad.kress.com\/da-dk\/kress-40-v-21-selvkorende-borstelos-plaeneklipper-kg754\/#primaryimage"},"image":{"@id":"https:\/\/ad.kress.com\/da-dk\/kress-40-v-21-selvkorende-borstelos-plaeneklipper-kg754\/#primaryimage"},"thumbnailUrl":"https:\/\/ad.kress.com\/wp-content\/uploads\/onpage\/op_image_2d4dd91a1beac33cc5ebc496bb8b1096e506fd99.1980x.webp","datePublished":"2025-04-04T07:57:55+00:00","dateModified":"2025-08-05T08:29:11+00:00","breadcrumb":{"@id":"https:\/\/ad.kress.com\/da-dk\/kress-40-v-21-selvkorende-borstelos-plaeneklipper-kg754\/#breadcrumb"},"inLanguage":"da-DK","potentialAction":[{"@type":"ReadAction","target":["https:\/\/ad.kress.com\/da-dk\/kress-40-v-21-selvkorende-borstelos-plaeneklipper-kg754\/"]}]},{"@type":"ImageObject","inLanguage":"da-DK","@id":"https:\/\/ad.kress.com\/da-dk\/kress-40-v-21-selvkorende-borstelos-plaeneklipper-kg754\/#primaryimage","url":"https:\/\/ad.kress.com\/wp-content\/uploads\/onpage\/op_image_2d4dd91a1beac33cc5ebc496bb8b1096e506fd99.1980x.webp","contentUrl":"https:\/\/ad.kress.com\/wp-content\/uploads\/onpage\/op_image_2d4dd91a1beac33cc5ebc496bb8b1096e506fd99.1980x.webp","width":1980,"height":1980},{"@type":"BreadcrumbList","@id":"https:\/\/ad.kress.com\/da-dk\/kress-40-v-21-selvkorende-borstelos-plaeneklipper-kg754\/#breadcrumb","itemListElement":[{"@type":"ListItem","position":1,"name":"Home","item":"https:\/\/ad.kress.com\/en-gb\/"},{"@type":"ListItem","position":2,"name":"Kress 40 V 21&#8243; selvk\u00f8rende b\u00f8rstel\u00f8s pl\u00e6neklipper"}]},{"@type":"WebSite","@id":"https:\/\/ad.kress.com\/en-gb\/#website","url":"https:\/\/ad.kress.com\/en-gb\/","name":"Kress - Commercial outdoor power equipment","description":"Kress","publisher":{"@id":"https:\/\/ad.kress.com\/en-gb\/#organization"},"alternateName":"Kress","potentialAction":[{"@type":"SearchAction","target":{"@type":"EntryPoint","urlTemplate":"https:\/\/ad.kress.com\/en-gb\/?s={search_term_string}"},"query-input":{"@type":"PropertyValueSpecification","valueRequired":true,"valueName":"search_term_string"}}],"inLanguage":"da-DK"},{"@type":"Organization","@id":"https:\/\/ad.kress.com\/en-gb\/#organization","name":"Commercial outdoor power equipment","alternateName":"Kress","url":"https:\/\/ad.kress.com\/en-gb\/","logo":{"@type":"ImageObject","inLanguage":"da-DK","@id":"https:\/\/ad.kress.com\/en-gb\/#\/schema\/logo\/image\/","url":"https:\/\/ad.kress.com\/wp-content\/uploads\/2025\/01\/main-logo-kress.webp","contentUrl":"https:\/\/ad.kress.com\/wp-content\/uploads\/2025\/01\/main-logo-kress.webp","width":1038,"height":245,"caption":"Commercial outdoor power equipment"},"image":{"@id":"https:\/\/ad.kress.com\/en-gb\/#\/schema\/logo\/image\/"}}]}},"_links":{"self":[{"href":"https:\/\/ad.kress.com\/da-dk\/wp-json\/wp\/v2\/product\/7342","targetHints":{"allow":["GET"]}}],"collection":[{"href":"https:\/\/ad.kress.com\/da-dk\/wp-json\/wp\/v2\/product"}],"about":[{"href":"https:\/\/ad.kress.com\/da-dk\/wp-json\/wp\/v2\/types\/product"}],"replies":[{"embeddable":true,"href":"https:\/\/ad.kress.com\/da-dk\/wp-json\/wp\/v2\/comments?post=7342"}],"wp:featuredmedia":[{"embeddable":true,"href":"https:\/\/ad.kress.com\/da-dk\/wp-json\/wp\/v2\/media\/11175"}],"wp:attachment":[{"href":"https:\/\/ad.kress.com\/da-dk\/wp-json\/wp\/v2\/media?parent=7342"}],"wp:term":[{"taxonomy":"product_brand","embeddable":true,"href":"https:\/\/ad.kress.com\/da-dk\/wp-json\/wp\/v2\/product_brand?post=7342"},{"taxonomy":"product_cat","embeddable":true,"href":"https:\/\/ad.kress.com\/da-dk\/wp-json\/wp\/v2\/product_cat?post=7342"},{"taxonomy":"product_tag","embeddable":true,"href":"https:\/\/ad.kress.com\/da-dk\/wp-json\/wp\/v2\/product_tag?post=7342"}],"curies":[{"name":"wp","href":"https:\/\/api.w.org\/{rel}","templated":true}]}}