{"id":7312,"date":"2025-04-04T07:57:54","date_gmt":"2025-04-04T07:57:54","guid":{"rendered":""},"modified":"2025-08-05T08:29:11","modified_gmt":"2025-08-05T08:29:11","slug":"kress-60-v-16-batteridrevet-trimmer-med-tilbehor-kg164","status":"publish","type":"product","link":"https:\/\/ad.kress.com\/da-dk\/kress-60-v-16-batteridrevet-trimmer-med-tilbehor-kg164\/","title":{"rendered":"60 V gr\u00e6strimmer med flere redskaber"},"content":{"rendered":"<p>Kress 60 V High-Performance 16&#8243; trimmer, bygget til hyppig professionel vedligeholdelse af haven. Denne trimmer har en kraftig b\u00f8rstel\u00f8s motor p\u00e5 1200 W, der leverer kraften fra gasdrevne trimmere uden emissioner og ulemper fra gasmotorer. Den 0,095&#8243; tykke line sk\u00e6rer j\u00e6vnt gennem t\u00e6t gr\u00e6s, mens trimmerhovedet med quick-load-system g\u00f8r det nemt at spole linen tilbage p\u00e5 f\u00e5 sekunder. Dette v\u00e6rkt\u00f8j er kompatibelt med flere redskaber til forskellige form\u00e5l.<\/p>\n","protected":false},"excerpt":{"rendered":"<p>Kress 60 V High-Performance 16&#8243; trimmer, bygget til hyppig professionel vedligeholdelse af haven. Denne trimmer har en kraftig b\u00f8rstel\u00f8s motor p\u00e5 1200 W, der leverer kraften fra gasdrevne trimmere uden emissioner og ulemper fra gasmotorer. Den 0,095&#8243; tykke line sk\u00e6rer j\u00e6vnt gennem t\u00e6t gr\u00e6s, mens trimmerhovedet med quick-load-system g\u00f8r det nemt at spole linen tilbage&hellip; <a class=\"more-link\" href=\"https:\/\/ad.kress.com\/da-dk\/kress-60-v-16-batteridrevet-trimmer-med-tilbehor-kg164\/\">Continue reading <span class=\"screen-reader-text\">60 V gr\u00e6strimmer med flere redskaber<\/span><\/a><\/p>\n","protected":false},"featured_media":11124,"comment_status":"closed","ping_status":"closed","template":"","meta":[],"product_brand":[],"product_cat":[],"product_tag":[],"class_list":{"0":"post-7312","1":"product","2":"type-product","3":"status-publish","4":"has-post-thumbnail","6":"entry","8":"first","9":"instock","10":"shipping-taxable","11":"product-type-simple"},"yoast_head":"<!-- This site is optimized with the Yoast SEO plugin v24.3 - https:\/\/yoast.com\/wordpress\/plugins\/seo\/ -->\n<title>60 V gr\u00e6strimmer med flere redskaber - Landing Kress<\/title>\n<meta name=\"robots\" content=\"index, follow, max-snippet:-1, max-image-preview:large, max-video-preview:-1\" \/>\n<link rel=\"canonical\" href=\"https:\/\/ad.kress.com\/en\/kress-60-v-16-cordless-attachment-capable-string-trimmer-kg164\/\" \/>\n<meta property=\"og:locale\" content=\"da_DK\" \/>\n<meta property=\"og:type\" content=\"article\" \/>\n<meta property=\"og:title\" content=\"60 V gr\u00e6strimmer med flere redskaber - Landing Kress\" \/>\n<meta property=\"og:description\" content=\"Kress 60 V High-Performance 16&#8243; trimmer, bygget til hyppig professionel vedligeholdelse af haven. Denne trimmer har en kraftig b\u00f8rstel\u00f8s motor p\u00e5 1200 W, der leverer kraften fra gasdrevne trimmere uden emissioner og ulemper fra gasmotorer. Den 0,095&#8243; tykke line sk\u00e6rer j\u00e6vnt gennem t\u00e6t gr\u00e6s, mens trimmerhovedet med quick-load-system g\u00f8r det nemt at spole linen tilbage&hellip; Continue reading 60 V gr\u00e6strimmer med flere redskaber\" \/>\n<meta property=\"og:url\" content=\"https:\/\/ad.kress.com\/en\/kress-60-v-16-cordless-attachment-capable-string-trimmer-kg164\/\" \/>\n<meta property=\"og:site_name\" content=\"Landing Kress\" \/>\n<meta property=\"article:modified_time\" content=\"2025-08-05T08:29:11+00:00\" \/>\n<meta property=\"og:image\" content=\"https:\/\/ad.kress.com\/wp-content\/uploads\/onpage\/op_image_f668381d9b295f0ce98dcefd9be279faa204ffb9.1980x.webp\" \/>\n\t<meta property=\"og:image:width\" content=\"1980\" \/>\n\t<meta property=\"og:image:height\" content=\"1980\" \/>\n\t<meta property=\"og:image:type\" content=\"image\/webp\" \/>\n<meta name=\"twitter:card\" content=\"summary_large_image\" \/>\n<script type=\"application\/ld+json\" class=\"yoast-schema-graph\">{\"@context\":\"https:\/\/schema.org\",\"@graph\":[{\"@type\":\"WebPage\",\"@id\":\"https:\/\/ad.kress.com\/en\/kress-60-v-16-cordless-attachment-capable-string-trimmer-kg164\/\",\"url\":\"https:\/\/ad.kress.com\/en\/kress-60-v-16-cordless-attachment-capable-string-trimmer-kg164\/\",\"name\":\"60 V gr\u00e6strimmer med flere redskaber - Landing Kress\",\"isPartOf\":{\"@id\":\"https:\/\/ad.kress.com\/en-gb\/#website\"},\"primaryImageOfPage\":{\"@id\":\"https:\/\/ad.kress.com\/en\/kress-60-v-16-cordless-attachment-capable-string-trimmer-kg164\/#primaryimage\"},\"image\":{\"@id\":\"https:\/\/ad.kress.com\/en\/kress-60-v-16-cordless-attachment-capable-string-trimmer-kg164\/#primaryimage\"},\"thumbnailUrl\":\"https:\/\/ad.kress.com\/wp-content\/uploads\/onpage\/op_image_f668381d9b295f0ce98dcefd9be279faa204ffb9.1980x.webp\",\"datePublished\":\"2025-04-04T07:57:54+00:00\",\"dateModified\":\"2025-08-05T08:29:11+00:00\",\"breadcrumb\":{\"@id\":\"https:\/\/ad.kress.com\/en\/kress-60-v-16-cordless-attachment-capable-string-trimmer-kg164\/#breadcrumb\"},\"inLanguage\":\"da-DK\",\"potentialAction\":[{\"@type\":\"ReadAction\",\"target\":[\"https:\/\/ad.kress.com\/en\/kress-60-v-16-cordless-attachment-capable-string-trimmer-kg164\/\"]}]},{\"@type\":\"ImageObject\",\"inLanguage\":\"da-DK\",\"@id\":\"https:\/\/ad.kress.com\/en\/kress-60-v-16-cordless-attachment-capable-string-trimmer-kg164\/#primaryimage\",\"url\":\"https:\/\/ad.kress.com\/wp-content\/uploads\/onpage\/op_image_f668381d9b295f0ce98dcefd9be279faa204ffb9.1980x.webp\",\"contentUrl\":\"https:\/\/ad.kress.com\/wp-content\/uploads\/onpage\/op_image_f668381d9b295f0ce98dcefd9be279faa204ffb9.1980x.webp\",\"width\":1980,\"height\":1980},{\"@type\":\"BreadcrumbList\",\"@id\":\"https:\/\/ad.kress.com\/en\/kress-60-v-16-cordless-attachment-capable-string-trimmer-kg164\/#breadcrumb\",\"itemListElement\":[{\"@type\":\"ListItem\",\"position\":1,\"name\":\"Home\",\"item\":\"https:\/\/ad.kress.com\/en-gb\/\"},{\"@type\":\"ListItem\",\"position\":2,\"name\":\"Kress 60 V 16&#8243; batteridrevet trimmer med tilbeh\u00f8r\"}]},{\"@type\":\"WebSite\",\"@id\":\"https:\/\/ad.kress.com\/en-gb\/#website\",\"url\":\"https:\/\/ad.kress.com\/en-gb\/\",\"name\":\"Kress - Commercial outdoor power equipment\",\"description\":\"Kress\",\"publisher\":{\"@id\":\"https:\/\/ad.kress.com\/en-gb\/#organization\"},\"alternateName\":\"Kress\",\"potentialAction\":[{\"@type\":\"SearchAction\",\"target\":{\"@type\":\"EntryPoint\",\"urlTemplate\":\"https:\/\/ad.kress.com\/en-gb\/?s={search_term_string}\"},\"query-input\":{\"@type\":\"PropertyValueSpecification\",\"valueRequired\":true,\"valueName\":\"search_term_string\"}}],\"inLanguage\":\"da-DK\"},{\"@type\":\"Organization\",\"@id\":\"https:\/\/ad.kress.com\/en-gb\/#organization\",\"name\":\"Commercial outdoor power equipment\",\"alternateName\":\"Kress\",\"url\":\"https:\/\/ad.kress.com\/en-gb\/\",\"logo\":{\"@type\":\"ImageObject\",\"inLanguage\":\"da-DK\",\"@id\":\"https:\/\/ad.kress.com\/en-gb\/#\/schema\/logo\/image\/\",\"url\":\"https:\/\/ad.kress.com\/wp-content\/uploads\/2025\/01\/main-logo-kress.webp\",\"contentUrl\":\"https:\/\/ad.kress.com\/wp-content\/uploads\/2025\/01\/main-logo-kress.webp\",\"width\":1038,\"height\":245,\"caption\":\"Commercial outdoor power equipment\"},\"image\":{\"@id\":\"https:\/\/ad.kress.com\/en-gb\/#\/schema\/logo\/image\/\"}}]}<\/script>\n<!-- \/ Yoast SEO plugin. -->","yoast_head_json":{"title":"60 V gr\u00e6strimmer med flere redskaber - Landing Kress","robots":{"index":"index","follow":"follow","max-snippet":"max-snippet:-1","max-image-preview":"max-image-preview:large","max-video-preview":"max-video-preview:-1"},"canonical":"https:\/\/ad.kress.com\/en\/kress-60-v-16-cordless-attachment-capable-string-trimmer-kg164\/","og_locale":"da_DK","og_type":"article","og_title":"60 V gr\u00e6strimmer med flere redskaber - Landing Kress","og_description":"Kress 60 V High-Performance 16&#8243; trimmer, bygget til hyppig professionel vedligeholdelse af haven. Denne trimmer har en kraftig b\u00f8rstel\u00f8s motor p\u00e5 1200 W, der leverer kraften fra gasdrevne trimmere uden emissioner og ulemper fra gasmotorer. Den 0,095&#8243; tykke line sk\u00e6rer j\u00e6vnt gennem t\u00e6t gr\u00e6s, mens trimmerhovedet med quick-load-system g\u00f8r det nemt at spole linen tilbage&hellip; Continue reading 60 V gr\u00e6strimmer med flere redskaber","og_url":"https:\/\/ad.kress.com\/en\/kress-60-v-16-cordless-attachment-capable-string-trimmer-kg164\/","og_site_name":"Landing Kress","article_modified_time":"2025-08-05T08:29:11+00:00","og_image":[{"width":1980,"height":1980,"url":"https:\/\/ad.kress.com\/wp-content\/uploads\/onpage\/op_image_f668381d9b295f0ce98dcefd9be279faa204ffb9.1980x.webp","type":"image\/webp"}],"twitter_card":"summary_large_image","schema":{"@context":"https:\/\/schema.org","@graph":[{"@type":"WebPage","@id":"https:\/\/ad.kress.com\/en\/kress-60-v-16-cordless-attachment-capable-string-trimmer-kg164\/","url":"https:\/\/ad.kress.com\/en\/kress-60-v-16-cordless-attachment-capable-string-trimmer-kg164\/","name":"60 V gr\u00e6strimmer med flere redskaber - Landing Kress","isPartOf":{"@id":"https:\/\/ad.kress.com\/en-gb\/#website"},"primaryImageOfPage":{"@id":"https:\/\/ad.kress.com\/en\/kress-60-v-16-cordless-attachment-capable-string-trimmer-kg164\/#primaryimage"},"image":{"@id":"https:\/\/ad.kress.com\/en\/kress-60-v-16-cordless-attachment-capable-string-trimmer-kg164\/#primaryimage"},"thumbnailUrl":"https:\/\/ad.kress.com\/wp-content\/uploads\/onpage\/op_image_f668381d9b295f0ce98dcefd9be279faa204ffb9.1980x.webp","datePublished":"2025-04-04T07:57:54+00:00","dateModified":"2025-08-05T08:29:11+00:00","breadcrumb":{"@id":"https:\/\/ad.kress.com\/en\/kress-60-v-16-cordless-attachment-capable-string-trimmer-kg164\/#breadcrumb"},"inLanguage":"da-DK","potentialAction":[{"@type":"ReadAction","target":["https:\/\/ad.kress.com\/en\/kress-60-v-16-cordless-attachment-capable-string-trimmer-kg164\/"]}]},{"@type":"ImageObject","inLanguage":"da-DK","@id":"https:\/\/ad.kress.com\/en\/kress-60-v-16-cordless-attachment-capable-string-trimmer-kg164\/#primaryimage","url":"https:\/\/ad.kress.com\/wp-content\/uploads\/onpage\/op_image_f668381d9b295f0ce98dcefd9be279faa204ffb9.1980x.webp","contentUrl":"https:\/\/ad.kress.com\/wp-content\/uploads\/onpage\/op_image_f668381d9b295f0ce98dcefd9be279faa204ffb9.1980x.webp","width":1980,"height":1980},{"@type":"BreadcrumbList","@id":"https:\/\/ad.kress.com\/en\/kress-60-v-16-cordless-attachment-capable-string-trimmer-kg164\/#breadcrumb","itemListElement":[{"@type":"ListItem","position":1,"name":"Home","item":"https:\/\/ad.kress.com\/en-gb\/"},{"@type":"ListItem","position":2,"name":"Kress 60 V 16&#8243; batteridrevet trimmer med tilbeh\u00f8r"}]},{"@type":"WebSite","@id":"https:\/\/ad.kress.com\/en-gb\/#website","url":"https:\/\/ad.kress.com\/en-gb\/","name":"Kress - Commercial outdoor power equipment","description":"Kress","publisher":{"@id":"https:\/\/ad.kress.com\/en-gb\/#organization"},"alternateName":"Kress","potentialAction":[{"@type":"SearchAction","target":{"@type":"EntryPoint","urlTemplate":"https:\/\/ad.kress.com\/en-gb\/?s={search_term_string}"},"query-input":{"@type":"PropertyValueSpecification","valueRequired":true,"valueName":"search_term_string"}}],"inLanguage":"da-DK"},{"@type":"Organization","@id":"https:\/\/ad.kress.com\/en-gb\/#organization","name":"Commercial outdoor power equipment","alternateName":"Kress","url":"https:\/\/ad.kress.com\/en-gb\/","logo":{"@type":"ImageObject","inLanguage":"da-DK","@id":"https:\/\/ad.kress.com\/en-gb\/#\/schema\/logo\/image\/","url":"https:\/\/ad.kress.com\/wp-content\/uploads\/2025\/01\/main-logo-kress.webp","contentUrl":"https:\/\/ad.kress.com\/wp-content\/uploads\/2025\/01\/main-logo-kress.webp","width":1038,"height":245,"caption":"Commercial outdoor power equipment"},"image":{"@id":"https:\/\/ad.kress.com\/en-gb\/#\/schema\/logo\/image\/"}}]}},"_links":{"self":[{"href":"https:\/\/ad.kress.com\/da-dk\/wp-json\/wp\/v2\/product\/7312","targetHints":{"allow":["GET"]}}],"collection":[{"href":"https:\/\/ad.kress.com\/da-dk\/wp-json\/wp\/v2\/product"}],"about":[{"href":"https:\/\/ad.kress.com\/da-dk\/wp-json\/wp\/v2\/types\/product"}],"replies":[{"embeddable":true,"href":"https:\/\/ad.kress.com\/da-dk\/wp-json\/wp\/v2\/comments?post=7312"}],"wp:featuredmedia":[{"embeddable":true,"href":"https:\/\/ad.kress.com\/da-dk\/wp-json\/wp\/v2\/media\/11124"}],"wp:attachment":[{"href":"https:\/\/ad.kress.com\/da-dk\/wp-json\/wp\/v2\/media?parent=7312"}],"wp:term":[{"taxonomy":"product_brand","embeddable":true,"href":"https:\/\/ad.kress.com\/da-dk\/wp-json\/wp\/v2\/product_brand?post=7312"},{"taxonomy":"product_cat","embeddable":true,"href":"https:\/\/ad.kress.com\/da-dk\/wp-json\/wp\/v2\/product_cat?post=7312"},{"taxonomy":"product_tag","embeddable":true,"href":"https:\/\/ad.kress.com\/da-dk\/wp-json\/wp\/v2\/product_tag?post=7312"}],"curies":[{"name":"wp","href":"https:\/\/api.w.org\/{rel}","templated":true}]}}