{"id":7132,"date":"2025-04-04T07:57:51","date_gmt":"2025-04-04T07:57:51","guid":{"rendered":""},"modified":"2025-08-05T08:29:11","modified_gmt":"2025-08-05T08:29:11","slug":"kress-commercial-60-v-40-cm-kaedesav-kc310-9","status":"publish","type":"product","link":"https:\/\/ad.kress.com\/da-dk\/kress-commercial-60-v-40-cm-kaedesav-kc310-9\/","title":{"rendered":"60 V motorsav i kommerciel kvalitet"},"content":{"rendered":"<p>Kress Commercial-k\u00e6desaven er designet til anl\u00e6gsgartnerfirmaer og kommuner, der \u00f8nsker at integrere b\u00e6redygtig praksis i deres drift, og den kombinerer en imponerende k\u00e6dehastighed p\u00e5 24 m\/s med en robust effekt p\u00e5 3,0 kW og et vedvarende drejningsmoment, hvilket giver en sk\u00e6reeffektivitet, som professionelle anl\u00e6gsgartnere endnu ikke har oplevet. Som en del af Kress Commercial CyberSystem leverer KC310 high-end performance med fordelen af lavere driftsomkostninger sammenlignet med gas og andre batterisystemer.<\/p>\n","protected":false},"excerpt":{"rendered":"<p>Kress Commercial-k\u00e6desaven er designet til anl\u00e6gsgartnerfirmaer og kommuner, der \u00f8nsker at integrere b\u00e6redygtig praksis i deres drift, og den kombinerer en imponerende k\u00e6dehastighed p\u00e5 24 m\/s med en robust effekt p\u00e5 3,0 kW og et vedvarende drejningsmoment, hvilket giver en sk\u00e6reeffektivitet, som professionelle anl\u00e6gsgartnere endnu ikke har oplevet. Som en del af Kress Commercial CyberSystem&hellip; <a class=\"more-link\" href=\"https:\/\/ad.kress.com\/da-dk\/kress-commercial-60-v-40-cm-kaedesav-kc310-9\/\">Continue reading <span class=\"screen-reader-text\">60 V motorsav i kommerciel kvalitet<\/span><\/a><\/p>\n","protected":false},"featured_media":0,"comment_status":"closed","ping_status":"closed","template":"","meta":[],"product_brand":[],"product_cat":[],"product_tag":[],"class_list":{"0":"post-7132","1":"product","2":"type-product","3":"status-publish","5":"entry","7":"first","8":"instock","9":"shipping-taxable","10":"purchasable","11":"product-type-simple"},"yoast_head":"<!-- This site is optimized with the Yoast SEO plugin v24.3 - https:\/\/yoast.com\/wordpress\/plugins\/seo\/ -->\n<title>60 V motorsav i kommerciel kvalitet - Landing Kress<\/title>\n<meta name=\"robots\" content=\"index, follow, max-snippet:-1, max-image-preview:large, max-video-preview:-1\" \/>\n<link rel=\"canonical\" href=\"https:\/\/ad.kress.com\/en\/?post_type=product&p=2634\" \/>\n<meta property=\"og:locale\" content=\"da_DK\" \/>\n<meta property=\"og:type\" content=\"article\" \/>\n<meta property=\"og:title\" content=\"60 V motorsav i kommerciel kvalitet - Landing Kress\" \/>\n<meta property=\"og:description\" content=\"Kress Commercial-k\u00e6desaven er designet til anl\u00e6gsgartnerfirmaer og kommuner, der \u00f8nsker at integrere b\u00e6redygtig praksis i deres drift, og den kombinerer en imponerende k\u00e6dehastighed p\u00e5 24 m\/s med en robust effekt p\u00e5 3,0 kW og et vedvarende drejningsmoment, hvilket giver en sk\u00e6reeffektivitet, som professionelle anl\u00e6gsgartnere endnu ikke har oplevet. Som en del af Kress Commercial CyberSystem&hellip; Continue reading 60 V motorsav i kommerciel kvalitet\" \/>\n<meta property=\"og:url\" content=\"https:\/\/ad.kress.com\/en\/?post_type=product&amp;p=2634\" \/>\n<meta property=\"og:site_name\" content=\"Landing Kress\" \/>\n<meta property=\"article:modified_time\" content=\"2025-08-05T08:29:11+00:00\" \/>\n<meta property=\"og:image\" content=\"https:\/\/ad.kress.com\/wp-content\/uploads\/2025\/01\/main-logo-kress.webp\" \/>\n\t<meta property=\"og:image:width\" content=\"1038\" \/>\n\t<meta property=\"og:image:height\" content=\"245\" \/>\n\t<meta property=\"og:image:type\" content=\"image\/webp\" \/>\n<meta name=\"twitter:card\" content=\"summary_large_image\" \/>\n<script type=\"application\/ld+json\" class=\"yoast-schema-graph\">{\"@context\":\"https:\/\/schema.org\",\"@graph\":[{\"@type\":\"WebPage\",\"@id\":\"https:\/\/ad.kress.com\/en\/?post_type=product&p=2634\",\"url\":\"https:\/\/ad.kress.com\/en\/?post_type=product&p=2634\",\"name\":\"60 V motorsav i kommerciel kvalitet - Landing Kress\",\"isPartOf\":{\"@id\":\"https:\/\/ad.kress.com\/en-gb\/#website\"},\"datePublished\":\"2025-04-04T07:57:51+00:00\",\"dateModified\":\"2025-08-05T08:29:11+00:00\",\"breadcrumb\":{\"@id\":\"https:\/\/ad.kress.com\/en\/?post_type=product&p=2634#breadcrumb\"},\"inLanguage\":\"da-DK\",\"potentialAction\":[{\"@type\":\"ReadAction\",\"target\":[\"https:\/\/ad.kress.com\/en\/?post_type=product&p=2634\"]}]},{\"@type\":\"BreadcrumbList\",\"@id\":\"https:\/\/ad.kress.com\/en\/?post_type=product&p=2634#breadcrumb\",\"itemListElement\":[{\"@type\":\"ListItem\",\"position\":1,\"name\":\"Home\",\"item\":\"https:\/\/ad.kress.com\/en-gb\/\"},{\"@type\":\"ListItem\",\"position\":2,\"name\":\"Kress Commercial 60 V 40 cm k\u00e6desav\"}]},{\"@type\":\"WebSite\",\"@id\":\"https:\/\/ad.kress.com\/en-gb\/#website\",\"url\":\"https:\/\/ad.kress.com\/en-gb\/\",\"name\":\"Kress - Commercial outdoor power equipment\",\"description\":\"Kress\",\"publisher\":{\"@id\":\"https:\/\/ad.kress.com\/en-gb\/#organization\"},\"alternateName\":\"Kress\",\"potentialAction\":[{\"@type\":\"SearchAction\",\"target\":{\"@type\":\"EntryPoint\",\"urlTemplate\":\"https:\/\/ad.kress.com\/en-gb\/?s={search_term_string}\"},\"query-input\":{\"@type\":\"PropertyValueSpecification\",\"valueRequired\":true,\"valueName\":\"search_term_string\"}}],\"inLanguage\":\"da-DK\"},{\"@type\":\"Organization\",\"@id\":\"https:\/\/ad.kress.com\/en-gb\/#organization\",\"name\":\"Commercial outdoor power equipment\",\"alternateName\":\"Kress\",\"url\":\"https:\/\/ad.kress.com\/en-gb\/\",\"logo\":{\"@type\":\"ImageObject\",\"inLanguage\":\"da-DK\",\"@id\":\"https:\/\/ad.kress.com\/en-gb\/#\/schema\/logo\/image\/\",\"url\":\"https:\/\/ad.kress.com\/wp-content\/uploads\/2025\/01\/main-logo-kress.webp\",\"contentUrl\":\"https:\/\/ad.kress.com\/wp-content\/uploads\/2025\/01\/main-logo-kress.webp\",\"width\":1038,\"height\":245,\"caption\":\"Commercial outdoor power equipment\"},\"image\":{\"@id\":\"https:\/\/ad.kress.com\/en-gb\/#\/schema\/logo\/image\/\"}}]}<\/script>\n<!-- \/ Yoast SEO plugin. -->","yoast_head_json":{"title":"60 V motorsav i kommerciel kvalitet - Landing Kress","robots":{"index":"index","follow":"follow","max-snippet":"max-snippet:-1","max-image-preview":"max-image-preview:large","max-video-preview":"max-video-preview:-1"},"canonical":"https:\/\/ad.kress.com\/en\/?post_type=product&p=2634","og_locale":"da_DK","og_type":"article","og_title":"60 V motorsav i kommerciel kvalitet - Landing Kress","og_description":"Kress Commercial-k\u00e6desaven er designet til anl\u00e6gsgartnerfirmaer og kommuner, der \u00f8nsker at integrere b\u00e6redygtig praksis i deres drift, og den kombinerer en imponerende k\u00e6dehastighed p\u00e5 24 m\/s med en robust effekt p\u00e5 3,0 kW og et vedvarende drejningsmoment, hvilket giver en sk\u00e6reeffektivitet, som professionelle anl\u00e6gsgartnere endnu ikke har oplevet. Som en del af Kress Commercial CyberSystem&hellip; Continue reading 60 V motorsav i kommerciel kvalitet","og_url":"https:\/\/ad.kress.com\/en\/?post_type=product&p=2634","og_site_name":"Landing Kress","article_modified_time":"2025-08-05T08:29:11+00:00","og_image":[{"width":1038,"height":245,"url":"https:\/\/ad.kress.com\/wp-content\/uploads\/2025\/01\/main-logo-kress.webp","type":"image\/webp"}],"twitter_card":"summary_large_image","schema":{"@context":"https:\/\/schema.org","@graph":[{"@type":"WebPage","@id":"https:\/\/ad.kress.com\/en\/?post_type=product&p=2634","url":"https:\/\/ad.kress.com\/en\/?post_type=product&p=2634","name":"60 V motorsav i kommerciel kvalitet - Landing Kress","isPartOf":{"@id":"https:\/\/ad.kress.com\/en-gb\/#website"},"datePublished":"2025-04-04T07:57:51+00:00","dateModified":"2025-08-05T08:29:11+00:00","breadcrumb":{"@id":"https:\/\/ad.kress.com\/en\/?post_type=product&p=2634#breadcrumb"},"inLanguage":"da-DK","potentialAction":[{"@type":"ReadAction","target":["https:\/\/ad.kress.com\/en\/?post_type=product&p=2634"]}]},{"@type":"BreadcrumbList","@id":"https:\/\/ad.kress.com\/en\/?post_type=product&p=2634#breadcrumb","itemListElement":[{"@type":"ListItem","position":1,"name":"Home","item":"https:\/\/ad.kress.com\/en-gb\/"},{"@type":"ListItem","position":2,"name":"Kress Commercial 60 V 40 cm k\u00e6desav"}]},{"@type":"WebSite","@id":"https:\/\/ad.kress.com\/en-gb\/#website","url":"https:\/\/ad.kress.com\/en-gb\/","name":"Kress - Commercial outdoor power equipment","description":"Kress","publisher":{"@id":"https:\/\/ad.kress.com\/en-gb\/#organization"},"alternateName":"Kress","potentialAction":[{"@type":"SearchAction","target":{"@type":"EntryPoint","urlTemplate":"https:\/\/ad.kress.com\/en-gb\/?s={search_term_string}"},"query-input":{"@type":"PropertyValueSpecification","valueRequired":true,"valueName":"search_term_string"}}],"inLanguage":"da-DK"},{"@type":"Organization","@id":"https:\/\/ad.kress.com\/en-gb\/#organization","name":"Commercial outdoor power equipment","alternateName":"Kress","url":"https:\/\/ad.kress.com\/en-gb\/","logo":{"@type":"ImageObject","inLanguage":"da-DK","@id":"https:\/\/ad.kress.com\/en-gb\/#\/schema\/logo\/image\/","url":"https:\/\/ad.kress.com\/wp-content\/uploads\/2025\/01\/main-logo-kress.webp","contentUrl":"https:\/\/ad.kress.com\/wp-content\/uploads\/2025\/01\/main-logo-kress.webp","width":1038,"height":245,"caption":"Commercial outdoor power equipment"},"image":{"@id":"https:\/\/ad.kress.com\/en-gb\/#\/schema\/logo\/image\/"}}]}},"_links":{"self":[{"href":"https:\/\/ad.kress.com\/da-dk\/wp-json\/wp\/v2\/product\/7132","targetHints":{"allow":["GET"]}}],"collection":[{"href":"https:\/\/ad.kress.com\/da-dk\/wp-json\/wp\/v2\/product"}],"about":[{"href":"https:\/\/ad.kress.com\/da-dk\/wp-json\/wp\/v2\/types\/product"}],"replies":[{"embeddable":true,"href":"https:\/\/ad.kress.com\/da-dk\/wp-json\/wp\/v2\/comments?post=7132"}],"wp:attachment":[{"href":"https:\/\/ad.kress.com\/da-dk\/wp-json\/wp\/v2\/media?parent=7132"}],"wp:term":[{"taxonomy":"product_brand","embeddable":true,"href":"https:\/\/ad.kress.com\/da-dk\/wp-json\/wp\/v2\/product_brand?post=7132"},{"taxonomy":"product_cat","embeddable":true,"href":"https:\/\/ad.kress.com\/da-dk\/wp-json\/wp\/v2\/product_cat?post=7132"},{"taxonomy":"product_tag","embeddable":true,"href":"https:\/\/ad.kress.com\/da-dk\/wp-json\/wp\/v2\/product_tag?post=7132"}],"curies":[{"name":"wp","href":"https:\/\/api.w.org\/{rel}","templated":true}]}}