{"id":4552,"date":"2025-04-04T07:57:23","date_gmt":"2025-04-04T07:57:23","guid":{"rendered":""},"modified":"2025-08-05T08:29:11","modified_gmt":"2025-08-05T08:29:11","slug":"kress-60-v-41-cm-batteridrevet-graestrimmer-kg162","status":"publish","type":"product","link":"https:\/\/ad.kress.com\/da-dk\/kress-60-v-41-cm-batteridrevet-graestrimmer-kg162\/","title":{"rendered":"60 V gr\u00e6strimmer"},"content":{"rendered":"<p>Kress 60 V h\u00f8jtydende 16&#8243; trimmer, bygget til professionel vedligeholdelse af haven. Denne trimmer har en kraftig 0,95 kW b\u00f8rstel\u00f8s motor, der leverer kraften fra gasdrevne trimmere uden emissioner og ulemper fra gasmotorer. Kulfiberskaftets design sikrer l\u00e6ngere holdbarhed og en lavere v\u00e6gt. Den 0,095&#8243; tykke line sk\u00e6rer j\u00e6vnt gennem t\u00e6t gr\u00e6s, mens trimmerhovedet med quick-load-system giver mulighed for ubesv\u00e6ret tilbagespoling af line p\u00e5 f\u00e5 sekunder.<\/p>\n","protected":false},"excerpt":{"rendered":"<p>Kress 60 V h\u00f8jtydende 16&#8243; trimmer, bygget til professionel vedligeholdelse af haven. Denne trimmer har en kraftig 0,95 kW b\u00f8rstel\u00f8s motor, der leverer kraften fra gasdrevne trimmere uden emissioner og ulemper fra gasmotorer. Kulfiberskaftets design sikrer l\u00e6ngere holdbarhed og en lavere v\u00e6gt. Den 0,095&#8243; tykke line sk\u00e6rer j\u00e6vnt gennem t\u00e6t gr\u00e6s, mens trimmerhovedet med quick-load-system&hellip; <a class=\"more-link\" href=\"https:\/\/ad.kress.com\/da-dk\/kress-60-v-41-cm-batteridrevet-graestrimmer-kg162\/\">Continue reading <span class=\"screen-reader-text\">60 V gr\u00e6strimmer<\/span><\/a><\/p>\n","protected":false},"featured_media":9475,"comment_status":"closed","ping_status":"closed","template":"","meta":[],"product_brand":[],"product_cat":[],"product_tag":[],"class_list":{"0":"post-4552","1":"product","2":"type-product","3":"status-publish","4":"has-post-thumbnail","6":"entry","8":"first","9":"instock","10":"shipping-taxable","11":"product-type-simple"},"yoast_head":"<!-- This site is optimized with the Yoast SEO plugin v24.3 - https:\/\/yoast.com\/wordpress\/plugins\/seo\/ -->\n<title>60 V gr\u00e6strimmer - Landing Kress<\/title>\n<meta name=\"robots\" content=\"index, follow, max-snippet:-1, max-image-preview:large, max-video-preview:-1\" \/>\n<link rel=\"canonical\" href=\"https:\/\/ad.kress.com\/en\/kress-60-v-41-cm-cordless-string-trimmer-kg162\/\" \/>\n<meta property=\"og:locale\" content=\"da_DK\" \/>\n<meta property=\"og:type\" content=\"article\" \/>\n<meta property=\"og:title\" content=\"60 V gr\u00e6strimmer - Landing Kress\" \/>\n<meta property=\"og:description\" content=\"Kress 60 V h\u00f8jtydende 16&#8243; trimmer, bygget til professionel vedligeholdelse af haven. Denne trimmer har en kraftig 0,95 kW b\u00f8rstel\u00f8s motor, der leverer kraften fra gasdrevne trimmere uden emissioner og ulemper fra gasmotorer. Kulfiberskaftets design sikrer l\u00e6ngere holdbarhed og en lavere v\u00e6gt. Den 0,095&#8243; tykke line sk\u00e6rer j\u00e6vnt gennem t\u00e6t gr\u00e6s, mens trimmerhovedet med quick-load-system&hellip; Continue reading 60 V gr\u00e6strimmer\" \/>\n<meta property=\"og:url\" content=\"https:\/\/ad.kress.com\/en\/kress-60-v-41-cm-cordless-string-trimmer-kg162\/\" \/>\n<meta property=\"og:site_name\" content=\"Landing Kress\" \/>\n<meta property=\"article:modified_time\" content=\"2025-08-05T08:29:11+00:00\" \/>\n<meta property=\"og:image\" content=\"https:\/\/ad.kress.com\/wp-content\/uploads\/onpage\/op_image_ebb33f9c9238a3826b81ba85611597de56c8ea6d.1980x.webp\" \/>\n\t<meta property=\"og:image:width\" content=\"1980\" \/>\n\t<meta property=\"og:image:height\" content=\"1980\" \/>\n\t<meta property=\"og:image:type\" content=\"image\/webp\" \/>\n<meta name=\"twitter:card\" content=\"summary_large_image\" \/>\n<script type=\"application\/ld+json\" class=\"yoast-schema-graph\">{\"@context\":\"https:\/\/schema.org\",\"@graph\":[{\"@type\":\"WebPage\",\"@id\":\"https:\/\/ad.kress.com\/en\/kress-60-v-41-cm-cordless-string-trimmer-kg162\/\",\"url\":\"https:\/\/ad.kress.com\/en\/kress-60-v-41-cm-cordless-string-trimmer-kg162\/\",\"name\":\"60 V gr\u00e6strimmer - Landing Kress\",\"isPartOf\":{\"@id\":\"https:\/\/ad.kress.com\/en-gb\/#website\"},\"primaryImageOfPage\":{\"@id\":\"https:\/\/ad.kress.com\/en\/kress-60-v-41-cm-cordless-string-trimmer-kg162\/#primaryimage\"},\"image\":{\"@id\":\"https:\/\/ad.kress.com\/en\/kress-60-v-41-cm-cordless-string-trimmer-kg162\/#primaryimage\"},\"thumbnailUrl\":\"https:\/\/ad.kress.com\/wp-content\/uploads\/onpage\/op_image_ebb33f9c9238a3826b81ba85611597de56c8ea6d.1980x.webp\",\"datePublished\":\"2025-04-04T07:57:23+00:00\",\"dateModified\":\"2025-08-05T08:29:11+00:00\",\"breadcrumb\":{\"@id\":\"https:\/\/ad.kress.com\/en\/kress-60-v-41-cm-cordless-string-trimmer-kg162\/#breadcrumb\"},\"inLanguage\":\"da-DK\",\"potentialAction\":[{\"@type\":\"ReadAction\",\"target\":[\"https:\/\/ad.kress.com\/en\/kress-60-v-41-cm-cordless-string-trimmer-kg162\/\"]}]},{\"@type\":\"ImageObject\",\"inLanguage\":\"da-DK\",\"@id\":\"https:\/\/ad.kress.com\/en\/kress-60-v-41-cm-cordless-string-trimmer-kg162\/#primaryimage\",\"url\":\"https:\/\/ad.kress.com\/wp-content\/uploads\/onpage\/op_image_ebb33f9c9238a3826b81ba85611597de56c8ea6d.1980x.webp\",\"contentUrl\":\"https:\/\/ad.kress.com\/wp-content\/uploads\/onpage\/op_image_ebb33f9c9238a3826b81ba85611597de56c8ea6d.1980x.webp\",\"width\":1980,\"height\":1980},{\"@type\":\"BreadcrumbList\",\"@id\":\"https:\/\/ad.kress.com\/en\/kress-60-v-41-cm-cordless-string-trimmer-kg162\/#breadcrumb\",\"itemListElement\":[{\"@type\":\"ListItem\",\"position\":1,\"name\":\"Home\",\"item\":\"https:\/\/ad.kress.com\/en-gb\/\"},{\"@type\":\"ListItem\",\"position\":2,\"name\":\"Kress 60 V 41 cm batteridrevet gr\u00e6strimmer\"}]},{\"@type\":\"WebSite\",\"@id\":\"https:\/\/ad.kress.com\/en-gb\/#website\",\"url\":\"https:\/\/ad.kress.com\/en-gb\/\",\"name\":\"Kress - Commercial outdoor power equipment\",\"description\":\"Kress\",\"publisher\":{\"@id\":\"https:\/\/ad.kress.com\/en-gb\/#organization\"},\"alternateName\":\"Kress\",\"potentialAction\":[{\"@type\":\"SearchAction\",\"target\":{\"@type\":\"EntryPoint\",\"urlTemplate\":\"https:\/\/ad.kress.com\/en-gb\/?s={search_term_string}\"},\"query-input\":{\"@type\":\"PropertyValueSpecification\",\"valueRequired\":true,\"valueName\":\"search_term_string\"}}],\"inLanguage\":\"da-DK\"},{\"@type\":\"Organization\",\"@id\":\"https:\/\/ad.kress.com\/en-gb\/#organization\",\"name\":\"Commercial outdoor power equipment\",\"alternateName\":\"Kress\",\"url\":\"https:\/\/ad.kress.com\/en-gb\/\",\"logo\":{\"@type\":\"ImageObject\",\"inLanguage\":\"da-DK\",\"@id\":\"https:\/\/ad.kress.com\/en-gb\/#\/schema\/logo\/image\/\",\"url\":\"https:\/\/ad.kress.com\/wp-content\/uploads\/2025\/01\/main-logo-kress.webp\",\"contentUrl\":\"https:\/\/ad.kress.com\/wp-content\/uploads\/2025\/01\/main-logo-kress.webp\",\"width\":1038,\"height\":245,\"caption\":\"Commercial outdoor power equipment\"},\"image\":{\"@id\":\"https:\/\/ad.kress.com\/en-gb\/#\/schema\/logo\/image\/\"}}]}<\/script>\n<!-- \/ Yoast SEO plugin. -->","yoast_head_json":{"title":"60 V gr\u00e6strimmer - Landing Kress","robots":{"index":"index","follow":"follow","max-snippet":"max-snippet:-1","max-image-preview":"max-image-preview:large","max-video-preview":"max-video-preview:-1"},"canonical":"https:\/\/ad.kress.com\/en\/kress-60-v-41-cm-cordless-string-trimmer-kg162\/","og_locale":"da_DK","og_type":"article","og_title":"60 V gr\u00e6strimmer - Landing Kress","og_description":"Kress 60 V h\u00f8jtydende 16&#8243; trimmer, bygget til professionel vedligeholdelse af haven. Denne trimmer har en kraftig 0,95 kW b\u00f8rstel\u00f8s motor, der leverer kraften fra gasdrevne trimmere uden emissioner og ulemper fra gasmotorer. Kulfiberskaftets design sikrer l\u00e6ngere holdbarhed og en lavere v\u00e6gt. Den 0,095&#8243; tykke line sk\u00e6rer j\u00e6vnt gennem t\u00e6t gr\u00e6s, mens trimmerhovedet med quick-load-system&hellip; Continue reading 60 V gr\u00e6strimmer","og_url":"https:\/\/ad.kress.com\/en\/kress-60-v-41-cm-cordless-string-trimmer-kg162\/","og_site_name":"Landing Kress","article_modified_time":"2025-08-05T08:29:11+00:00","og_image":[{"width":1980,"height":1980,"url":"https:\/\/ad.kress.com\/wp-content\/uploads\/onpage\/op_image_ebb33f9c9238a3826b81ba85611597de56c8ea6d.1980x.webp","type":"image\/webp"}],"twitter_card":"summary_large_image","schema":{"@context":"https:\/\/schema.org","@graph":[{"@type":"WebPage","@id":"https:\/\/ad.kress.com\/en\/kress-60-v-41-cm-cordless-string-trimmer-kg162\/","url":"https:\/\/ad.kress.com\/en\/kress-60-v-41-cm-cordless-string-trimmer-kg162\/","name":"60 V gr\u00e6strimmer - Landing Kress","isPartOf":{"@id":"https:\/\/ad.kress.com\/en-gb\/#website"},"primaryImageOfPage":{"@id":"https:\/\/ad.kress.com\/en\/kress-60-v-41-cm-cordless-string-trimmer-kg162\/#primaryimage"},"image":{"@id":"https:\/\/ad.kress.com\/en\/kress-60-v-41-cm-cordless-string-trimmer-kg162\/#primaryimage"},"thumbnailUrl":"https:\/\/ad.kress.com\/wp-content\/uploads\/onpage\/op_image_ebb33f9c9238a3826b81ba85611597de56c8ea6d.1980x.webp","datePublished":"2025-04-04T07:57:23+00:00","dateModified":"2025-08-05T08:29:11+00:00","breadcrumb":{"@id":"https:\/\/ad.kress.com\/en\/kress-60-v-41-cm-cordless-string-trimmer-kg162\/#breadcrumb"},"inLanguage":"da-DK","potentialAction":[{"@type":"ReadAction","target":["https:\/\/ad.kress.com\/en\/kress-60-v-41-cm-cordless-string-trimmer-kg162\/"]}]},{"@type":"ImageObject","inLanguage":"da-DK","@id":"https:\/\/ad.kress.com\/en\/kress-60-v-41-cm-cordless-string-trimmer-kg162\/#primaryimage","url":"https:\/\/ad.kress.com\/wp-content\/uploads\/onpage\/op_image_ebb33f9c9238a3826b81ba85611597de56c8ea6d.1980x.webp","contentUrl":"https:\/\/ad.kress.com\/wp-content\/uploads\/onpage\/op_image_ebb33f9c9238a3826b81ba85611597de56c8ea6d.1980x.webp","width":1980,"height":1980},{"@type":"BreadcrumbList","@id":"https:\/\/ad.kress.com\/en\/kress-60-v-41-cm-cordless-string-trimmer-kg162\/#breadcrumb","itemListElement":[{"@type":"ListItem","position":1,"name":"Home","item":"https:\/\/ad.kress.com\/en-gb\/"},{"@type":"ListItem","position":2,"name":"Kress 60 V 41 cm batteridrevet gr\u00e6strimmer"}]},{"@type":"WebSite","@id":"https:\/\/ad.kress.com\/en-gb\/#website","url":"https:\/\/ad.kress.com\/en-gb\/","name":"Kress - Commercial outdoor power equipment","description":"Kress","publisher":{"@id":"https:\/\/ad.kress.com\/en-gb\/#organization"},"alternateName":"Kress","potentialAction":[{"@type":"SearchAction","target":{"@type":"EntryPoint","urlTemplate":"https:\/\/ad.kress.com\/en-gb\/?s={search_term_string}"},"query-input":{"@type":"PropertyValueSpecification","valueRequired":true,"valueName":"search_term_string"}}],"inLanguage":"da-DK"},{"@type":"Organization","@id":"https:\/\/ad.kress.com\/en-gb\/#organization","name":"Commercial outdoor power equipment","alternateName":"Kress","url":"https:\/\/ad.kress.com\/en-gb\/","logo":{"@type":"ImageObject","inLanguage":"da-DK","@id":"https:\/\/ad.kress.com\/en-gb\/#\/schema\/logo\/image\/","url":"https:\/\/ad.kress.com\/wp-content\/uploads\/2025\/01\/main-logo-kress.webp","contentUrl":"https:\/\/ad.kress.com\/wp-content\/uploads\/2025\/01\/main-logo-kress.webp","width":1038,"height":245,"caption":"Commercial outdoor power equipment"},"image":{"@id":"https:\/\/ad.kress.com\/en-gb\/#\/schema\/logo\/image\/"}}]}},"_links":{"self":[{"href":"https:\/\/ad.kress.com\/da-dk\/wp-json\/wp\/v2\/product\/4552","targetHints":{"allow":["GET"]}}],"collection":[{"href":"https:\/\/ad.kress.com\/da-dk\/wp-json\/wp\/v2\/product"}],"about":[{"href":"https:\/\/ad.kress.com\/da-dk\/wp-json\/wp\/v2\/types\/product"}],"replies":[{"embeddable":true,"href":"https:\/\/ad.kress.com\/da-dk\/wp-json\/wp\/v2\/comments?post=4552"}],"wp:featuredmedia":[{"embeddable":true,"href":"https:\/\/ad.kress.com\/da-dk\/wp-json\/wp\/v2\/media\/9475"}],"wp:attachment":[{"href":"https:\/\/ad.kress.com\/da-dk\/wp-json\/wp\/v2\/media?parent=4552"}],"wp:term":[{"taxonomy":"product_brand","embeddable":true,"href":"https:\/\/ad.kress.com\/da-dk\/wp-json\/wp\/v2\/product_brand?post=4552"},{"taxonomy":"product_cat","embeddable":true,"href":"https:\/\/ad.kress.com\/da-dk\/wp-json\/wp\/v2\/product_cat?post=4552"},{"taxonomy":"product_tag","embeddable":true,"href":"https:\/\/ad.kress.com\/da-dk\/wp-json\/wp\/v2\/product_tag?post=4552"}],"curies":[{"name":"wp","href":"https:\/\/api.w.org\/{rel}","templated":true}]}}