{"id":3865,"date":"2025-04-04T07:57:16","date_gmt":"2025-04-04T07:57:16","guid":{"rendered":""},"modified":"2025-08-05T08:29:11","modified_gmt":"2025-08-05T08:29:11","slug":"kress-20-v-batteri-kab08","status":"publish","type":"product","link":"https:\/\/ad.kress.com\/da-dk\/kress-20-v-batteri-kab08\/","title":{"rendered":"Kress 20 V batteri"},"content":{"rendered":"<p>KAB08 er bygget til husejere, der kr\u00e6ver mere driftstid, mere ydeevne, mere kapacitet. Med 8,0 Ah ubarmhjertig kraft h\u00e5ndterer den de h\u00e5rdeste boligprojekter uden at g\u00e5 glip af noget. SmartLink optimerer effektiviteten, Cell Guard beskytter hver eneste celle, og HeatShield holder den k\u00f8lig under pres. Kompatibel med alle Kress 20 V- og 40 V-v\u00e6rkt\u00f8jer, og n\u00e5r den er parret med en anden KAB08.<\/p>\n","protected":false},"excerpt":{"rendered":"<p>KAB08 er bygget til husejere, der kr\u00e6ver mere driftstid, mere ydeevne, mere kapacitet. Med 8,0 Ah ubarmhjertig kraft h\u00e5ndterer den de h\u00e5rdeste boligprojekter uden at g\u00e5 glip af noget. SmartLink optimerer effektiviteten, Cell Guard beskytter hver eneste celle, og HeatShield holder den k\u00f8lig under pres. Kompatibel med alle Kress 20 V- og 40 V-v\u00e6rkt\u00f8jer, og&hellip; <a class=\"more-link\" href=\"https:\/\/ad.kress.com\/da-dk\/kress-20-v-batteri-kab08\/\">Continue reading <span class=\"screen-reader-text\">Kress 20 V batteri<\/span><\/a><\/p>\n","protected":false},"featured_media":8522,"comment_status":"closed","ping_status":"closed","template":"","meta":[],"product_brand":[],"product_cat":[],"product_tag":[],"class_list":{"0":"post-3865","1":"product","2":"type-product","3":"status-publish","4":"has-post-thumbnail","6":"entry","8":"first","9":"instock","10":"shipping-taxable","11":"purchasable","12":"product-type-simple"},"yoast_head":"<!-- This site is optimized with the Yoast SEO plugin v24.3 - https:\/\/yoast.com\/wordpress\/plugins\/seo\/ -->\n<title>Kress 20 V batteri - Landing Kress<\/title>\n<meta name=\"robots\" content=\"index, follow, max-snippet:-1, max-image-preview:large, max-video-preview:-1\" \/>\n<link rel=\"canonical\" href=\"https:\/\/ad.kress.com\/en\/kress-20-v-battery-kab08\/\" \/>\n<meta property=\"og:locale\" content=\"da_DK\" \/>\n<meta property=\"og:type\" content=\"article\" \/>\n<meta property=\"og:title\" content=\"Kress 20 V batteri - Landing Kress\" \/>\n<meta property=\"og:description\" content=\"KAB08 er bygget til husejere, der kr\u00e6ver mere driftstid, mere ydeevne, mere kapacitet. Med 8,0 Ah ubarmhjertig kraft h\u00e5ndterer den de h\u00e5rdeste boligprojekter uden at g\u00e5 glip af noget. SmartLink optimerer effektiviteten, Cell Guard beskytter hver eneste celle, og HeatShield holder den k\u00f8lig under pres. Kompatibel med alle Kress 20 V- og 40 V-v\u00e6rkt\u00f8jer, og&hellip; Continue reading Kress 20 V batteri\" \/>\n<meta property=\"og:url\" content=\"https:\/\/ad.kress.com\/en\/kress-20-v-battery-kab08\/\" \/>\n<meta property=\"og:site_name\" content=\"Landing Kress\" \/>\n<meta property=\"article:modified_time\" content=\"2025-08-05T08:29:11+00:00\" \/>\n<meta property=\"og:image\" content=\"https:\/\/ad.kress.com\/wp-content\/uploads\/onpage\/op_image_e2c402a8eca7094398a5e64f0cf58a8236672ff9.1980x.webp\" \/>\n\t<meta property=\"og:image:width\" content=\"1980\" \/>\n\t<meta property=\"og:image:height\" content=\"1980\" \/>\n\t<meta property=\"og:image:type\" content=\"image\/webp\" \/>\n<meta name=\"twitter:card\" content=\"summary_large_image\" \/>\n<script type=\"application\/ld+json\" class=\"yoast-schema-graph\">{\"@context\":\"https:\/\/schema.org\",\"@graph\":[{\"@type\":\"WebPage\",\"@id\":\"https:\/\/ad.kress.com\/en\/kress-20-v-battery-kab08\/\",\"url\":\"https:\/\/ad.kress.com\/en\/kress-20-v-battery-kab08\/\",\"name\":\"Kress 20 V batteri - Landing Kress\",\"isPartOf\":{\"@id\":\"https:\/\/ad.kress.com\/en-gb\/#website\"},\"primaryImageOfPage\":{\"@id\":\"https:\/\/ad.kress.com\/en\/kress-20-v-battery-kab08\/#primaryimage\"},\"image\":{\"@id\":\"https:\/\/ad.kress.com\/en\/kress-20-v-battery-kab08\/#primaryimage\"},\"thumbnailUrl\":\"https:\/\/ad.kress.com\/wp-content\/uploads\/onpage\/op_image_e2c402a8eca7094398a5e64f0cf58a8236672ff9.1980x.webp\",\"datePublished\":\"2025-04-04T07:57:16+00:00\",\"dateModified\":\"2025-08-05T08:29:11+00:00\",\"breadcrumb\":{\"@id\":\"https:\/\/ad.kress.com\/en\/kress-20-v-battery-kab08\/#breadcrumb\"},\"inLanguage\":\"da-DK\",\"potentialAction\":[{\"@type\":\"ReadAction\",\"target\":[\"https:\/\/ad.kress.com\/en\/kress-20-v-battery-kab08\/\"]}]},{\"@type\":\"ImageObject\",\"inLanguage\":\"da-DK\",\"@id\":\"https:\/\/ad.kress.com\/en\/kress-20-v-battery-kab08\/#primaryimage\",\"url\":\"https:\/\/ad.kress.com\/wp-content\/uploads\/onpage\/op_image_e2c402a8eca7094398a5e64f0cf58a8236672ff9.1980x.webp\",\"contentUrl\":\"https:\/\/ad.kress.com\/wp-content\/uploads\/onpage\/op_image_e2c402a8eca7094398a5e64f0cf58a8236672ff9.1980x.webp\",\"width\":1980,\"height\":1980},{\"@type\":\"BreadcrumbList\",\"@id\":\"https:\/\/ad.kress.com\/en\/kress-20-v-battery-kab08\/#breadcrumb\",\"itemListElement\":[{\"@type\":\"ListItem\",\"position\":1,\"name\":\"Home\",\"item\":\"https:\/\/ad.kress.com\/en-gb\/\"},{\"@type\":\"ListItem\",\"position\":2,\"name\":\"Kress 20 V batteri\"}]},{\"@type\":\"WebSite\",\"@id\":\"https:\/\/ad.kress.com\/en-gb\/#website\",\"url\":\"https:\/\/ad.kress.com\/en-gb\/\",\"name\":\"Kress - Commercial outdoor power equipment\",\"description\":\"Kress\",\"publisher\":{\"@id\":\"https:\/\/ad.kress.com\/en-gb\/#organization\"},\"alternateName\":\"Kress\",\"potentialAction\":[{\"@type\":\"SearchAction\",\"target\":{\"@type\":\"EntryPoint\",\"urlTemplate\":\"https:\/\/ad.kress.com\/en-gb\/?s={search_term_string}\"},\"query-input\":{\"@type\":\"PropertyValueSpecification\",\"valueRequired\":true,\"valueName\":\"search_term_string\"}}],\"inLanguage\":\"da-DK\"},{\"@type\":\"Organization\",\"@id\":\"https:\/\/ad.kress.com\/en-gb\/#organization\",\"name\":\"Commercial outdoor power equipment\",\"alternateName\":\"Kress\",\"url\":\"https:\/\/ad.kress.com\/en-gb\/\",\"logo\":{\"@type\":\"ImageObject\",\"inLanguage\":\"da-DK\",\"@id\":\"https:\/\/ad.kress.com\/en-gb\/#\/schema\/logo\/image\/\",\"url\":\"https:\/\/ad.kress.com\/wp-content\/uploads\/2025\/01\/main-logo-kress.webp\",\"contentUrl\":\"https:\/\/ad.kress.com\/wp-content\/uploads\/2025\/01\/main-logo-kress.webp\",\"width\":1038,\"height\":245,\"caption\":\"Commercial outdoor power equipment\"},\"image\":{\"@id\":\"https:\/\/ad.kress.com\/en-gb\/#\/schema\/logo\/image\/\"}}]}<\/script>\n<!-- \/ Yoast SEO plugin. -->","yoast_head_json":{"title":"Kress 20 V batteri - Landing Kress","robots":{"index":"index","follow":"follow","max-snippet":"max-snippet:-1","max-image-preview":"max-image-preview:large","max-video-preview":"max-video-preview:-1"},"canonical":"https:\/\/ad.kress.com\/en\/kress-20-v-battery-kab08\/","og_locale":"da_DK","og_type":"article","og_title":"Kress 20 V batteri - Landing Kress","og_description":"KAB08 er bygget til husejere, der kr\u00e6ver mere driftstid, mere ydeevne, mere kapacitet. Med 8,0 Ah ubarmhjertig kraft h\u00e5ndterer den de h\u00e5rdeste boligprojekter uden at g\u00e5 glip af noget. SmartLink optimerer effektiviteten, Cell Guard beskytter hver eneste celle, og HeatShield holder den k\u00f8lig under pres. Kompatibel med alle Kress 20 V- og 40 V-v\u00e6rkt\u00f8jer, og&hellip; Continue reading Kress 20 V batteri","og_url":"https:\/\/ad.kress.com\/en\/kress-20-v-battery-kab08\/","og_site_name":"Landing Kress","article_modified_time":"2025-08-05T08:29:11+00:00","og_image":[{"width":1980,"height":1980,"url":"https:\/\/ad.kress.com\/wp-content\/uploads\/onpage\/op_image_e2c402a8eca7094398a5e64f0cf58a8236672ff9.1980x.webp","type":"image\/webp"}],"twitter_card":"summary_large_image","schema":{"@context":"https:\/\/schema.org","@graph":[{"@type":"WebPage","@id":"https:\/\/ad.kress.com\/en\/kress-20-v-battery-kab08\/","url":"https:\/\/ad.kress.com\/en\/kress-20-v-battery-kab08\/","name":"Kress 20 V batteri - Landing Kress","isPartOf":{"@id":"https:\/\/ad.kress.com\/en-gb\/#website"},"primaryImageOfPage":{"@id":"https:\/\/ad.kress.com\/en\/kress-20-v-battery-kab08\/#primaryimage"},"image":{"@id":"https:\/\/ad.kress.com\/en\/kress-20-v-battery-kab08\/#primaryimage"},"thumbnailUrl":"https:\/\/ad.kress.com\/wp-content\/uploads\/onpage\/op_image_e2c402a8eca7094398a5e64f0cf58a8236672ff9.1980x.webp","datePublished":"2025-04-04T07:57:16+00:00","dateModified":"2025-08-05T08:29:11+00:00","breadcrumb":{"@id":"https:\/\/ad.kress.com\/en\/kress-20-v-battery-kab08\/#breadcrumb"},"inLanguage":"da-DK","potentialAction":[{"@type":"ReadAction","target":["https:\/\/ad.kress.com\/en\/kress-20-v-battery-kab08\/"]}]},{"@type":"ImageObject","inLanguage":"da-DK","@id":"https:\/\/ad.kress.com\/en\/kress-20-v-battery-kab08\/#primaryimage","url":"https:\/\/ad.kress.com\/wp-content\/uploads\/onpage\/op_image_e2c402a8eca7094398a5e64f0cf58a8236672ff9.1980x.webp","contentUrl":"https:\/\/ad.kress.com\/wp-content\/uploads\/onpage\/op_image_e2c402a8eca7094398a5e64f0cf58a8236672ff9.1980x.webp","width":1980,"height":1980},{"@type":"BreadcrumbList","@id":"https:\/\/ad.kress.com\/en\/kress-20-v-battery-kab08\/#breadcrumb","itemListElement":[{"@type":"ListItem","position":1,"name":"Home","item":"https:\/\/ad.kress.com\/en-gb\/"},{"@type":"ListItem","position":2,"name":"Kress 20 V batteri"}]},{"@type":"WebSite","@id":"https:\/\/ad.kress.com\/en-gb\/#website","url":"https:\/\/ad.kress.com\/en-gb\/","name":"Kress - Commercial outdoor power equipment","description":"Kress","publisher":{"@id":"https:\/\/ad.kress.com\/en-gb\/#organization"},"alternateName":"Kress","potentialAction":[{"@type":"SearchAction","target":{"@type":"EntryPoint","urlTemplate":"https:\/\/ad.kress.com\/en-gb\/?s={search_term_string}"},"query-input":{"@type":"PropertyValueSpecification","valueRequired":true,"valueName":"search_term_string"}}],"inLanguage":"da-DK"},{"@type":"Organization","@id":"https:\/\/ad.kress.com\/en-gb\/#organization","name":"Commercial outdoor power equipment","alternateName":"Kress","url":"https:\/\/ad.kress.com\/en-gb\/","logo":{"@type":"ImageObject","inLanguage":"da-DK","@id":"https:\/\/ad.kress.com\/en-gb\/#\/schema\/logo\/image\/","url":"https:\/\/ad.kress.com\/wp-content\/uploads\/2025\/01\/main-logo-kress.webp","contentUrl":"https:\/\/ad.kress.com\/wp-content\/uploads\/2025\/01\/main-logo-kress.webp","width":1038,"height":245,"caption":"Commercial outdoor power equipment"},"image":{"@id":"https:\/\/ad.kress.com\/en-gb\/#\/schema\/logo\/image\/"}}]}},"_links":{"self":[{"href":"https:\/\/ad.kress.com\/da-dk\/wp-json\/wp\/v2\/product\/3865","targetHints":{"allow":["GET"]}}],"collection":[{"href":"https:\/\/ad.kress.com\/da-dk\/wp-json\/wp\/v2\/product"}],"about":[{"href":"https:\/\/ad.kress.com\/da-dk\/wp-json\/wp\/v2\/types\/product"}],"replies":[{"embeddable":true,"href":"https:\/\/ad.kress.com\/da-dk\/wp-json\/wp\/v2\/comments?post=3865"}],"wp:featuredmedia":[{"embeddable":true,"href":"https:\/\/ad.kress.com\/da-dk\/wp-json\/wp\/v2\/media\/8522"}],"wp:attachment":[{"href":"https:\/\/ad.kress.com\/da-dk\/wp-json\/wp\/v2\/media?parent=3865"}],"wp:term":[{"taxonomy":"product_brand","embeddable":true,"href":"https:\/\/ad.kress.com\/da-dk\/wp-json\/wp\/v2\/product_brand?post=3865"},{"taxonomy":"product_cat","embeddable":true,"href":"https:\/\/ad.kress.com\/da-dk\/wp-json\/wp\/v2\/product_cat?post=3865"},{"taxonomy":"product_tag","embeddable":true,"href":"https:\/\/ad.kress.com\/da-dk\/wp-json\/wp\/v2\/product_tag?post=3865"}],"curies":[{"name":"wp","href":"https:\/\/api.w.org\/{rel}","templated":true}]}}