{"id":3855,"date":"2025-04-04T07:57:16","date_gmt":"2025-04-04T07:57:16","guid":{"rendered":""},"modified":"2025-08-05T08:29:11","modified_gmt":"2025-08-05T08:29:11","slug":"kress-20-v-batteri-kab04","status":"publish","type":"product","link":"https:\/\/ad.kress.com\/da-dk\/kress-20-v-batteri-kab04\/","title":{"rendered":"Kress 20 V batteri"},"content":{"rendered":"<p>KAB04 er bygget til husejere, der p\u00e5tager sig st\u00f8rre opgaver med selvtillid. Med 4,0 Ah p\u00e5lidelig kraft leverer den forl\u00e6nget driftstid og en perfekt balance mellem ydeevne og holdbarhed. SmartLink \u00f8ger effektiviteten, Cell Guard beskytter hver enkelt celle mod slitage, og HeatShield holder den k\u00f8lig under pres. S\u00e6t den sammen med ethvert Kress 20 V- og 40 V-v\u00e6rkt\u00f8j for ustoppelig ydeevne.<\/p>\n","protected":false},"excerpt":{"rendered":"<p>KAB04 er bygget til husejere, der p\u00e5tager sig st\u00f8rre opgaver med selvtillid. Med 4,0 Ah p\u00e5lidelig kraft leverer den forl\u00e6nget driftstid og en perfekt balance mellem ydeevne og holdbarhed. SmartLink \u00f8ger effektiviteten, Cell Guard beskytter hver enkelt celle mod slitage, og HeatShield holder den k\u00f8lig under pres. S\u00e6t den sammen med ethvert Kress 20 V-&hellip; <a class=\"more-link\" href=\"https:\/\/ad.kress.com\/da-dk\/kress-20-v-batteri-kab04\/\">Continue reading <span class=\"screen-reader-text\">Kress 20 V batteri<\/span><\/a><\/p>\n","protected":false},"featured_media":8505,"comment_status":"closed","ping_status":"closed","template":"","meta":[],"product_brand":[],"product_cat":[],"product_tag":[],"class_list":{"0":"post-3855","1":"product","2":"type-product","3":"status-publish","4":"has-post-thumbnail","6":"entry","8":"first","9":"instock","10":"shipping-taxable","11":"purchasable","12":"product-type-simple"},"yoast_head":"<!-- This site is optimized with the Yoast SEO plugin v24.3 - https:\/\/yoast.com\/wordpress\/plugins\/seo\/ -->\n<title>Kress 20 V batteri - Landing Kress<\/title>\n<meta name=\"robots\" content=\"index, follow, max-snippet:-1, max-image-preview:large, max-video-preview:-1\" \/>\n<link rel=\"canonical\" href=\"https:\/\/ad.kress.com\/en\/kress-20-v-battery-kab04\/\" \/>\n<meta property=\"og:locale\" content=\"da_DK\" \/>\n<meta property=\"og:type\" content=\"article\" \/>\n<meta property=\"og:title\" content=\"Kress 20 V batteri - Landing Kress\" \/>\n<meta property=\"og:description\" content=\"KAB04 er bygget til husejere, der p\u00e5tager sig st\u00f8rre opgaver med selvtillid. Med 4,0 Ah p\u00e5lidelig kraft leverer den forl\u00e6nget driftstid og en perfekt balance mellem ydeevne og holdbarhed. SmartLink \u00f8ger effektiviteten, Cell Guard beskytter hver enkelt celle mod slitage, og HeatShield holder den k\u00f8lig under pres. S\u00e6t den sammen med ethvert Kress 20 V-&hellip; Continue reading Kress 20 V batteri\" \/>\n<meta property=\"og:url\" content=\"https:\/\/ad.kress.com\/en\/kress-20-v-battery-kab04\/\" \/>\n<meta property=\"og:site_name\" content=\"Landing Kress\" \/>\n<meta property=\"article:modified_time\" content=\"2025-08-05T08:29:11+00:00\" \/>\n<meta property=\"og:image\" content=\"https:\/\/ad.kress.com\/wp-content\/uploads\/onpage\/op_image_0cb34e15f5cb7ccce26edd1c7cc91d2cfaac62c2.1980x.webp\" \/>\n\t<meta property=\"og:image:width\" content=\"1980\" \/>\n\t<meta property=\"og:image:height\" content=\"1980\" \/>\n\t<meta property=\"og:image:type\" content=\"image\/webp\" \/>\n<meta name=\"twitter:card\" content=\"summary_large_image\" \/>\n<script type=\"application\/ld+json\" class=\"yoast-schema-graph\">{\"@context\":\"https:\/\/schema.org\",\"@graph\":[{\"@type\":\"WebPage\",\"@id\":\"https:\/\/ad.kress.com\/en\/kress-20-v-battery-kab04\/\",\"url\":\"https:\/\/ad.kress.com\/en\/kress-20-v-battery-kab04\/\",\"name\":\"Kress 20 V batteri - Landing Kress\",\"isPartOf\":{\"@id\":\"https:\/\/ad.kress.com\/en-gb\/#website\"},\"primaryImageOfPage\":{\"@id\":\"https:\/\/ad.kress.com\/en\/kress-20-v-battery-kab04\/#primaryimage\"},\"image\":{\"@id\":\"https:\/\/ad.kress.com\/en\/kress-20-v-battery-kab04\/#primaryimage\"},\"thumbnailUrl\":\"https:\/\/ad.kress.com\/wp-content\/uploads\/onpage\/op_image_0cb34e15f5cb7ccce26edd1c7cc91d2cfaac62c2.1980x.webp\",\"datePublished\":\"2025-04-04T07:57:16+00:00\",\"dateModified\":\"2025-08-05T08:29:11+00:00\",\"breadcrumb\":{\"@id\":\"https:\/\/ad.kress.com\/en\/kress-20-v-battery-kab04\/#breadcrumb\"},\"inLanguage\":\"da-DK\",\"potentialAction\":[{\"@type\":\"ReadAction\",\"target\":[\"https:\/\/ad.kress.com\/en\/kress-20-v-battery-kab04\/\"]}]},{\"@type\":\"ImageObject\",\"inLanguage\":\"da-DK\",\"@id\":\"https:\/\/ad.kress.com\/en\/kress-20-v-battery-kab04\/#primaryimage\",\"url\":\"https:\/\/ad.kress.com\/wp-content\/uploads\/onpage\/op_image_0cb34e15f5cb7ccce26edd1c7cc91d2cfaac62c2.1980x.webp\",\"contentUrl\":\"https:\/\/ad.kress.com\/wp-content\/uploads\/onpage\/op_image_0cb34e15f5cb7ccce26edd1c7cc91d2cfaac62c2.1980x.webp\",\"width\":1980,\"height\":1980},{\"@type\":\"BreadcrumbList\",\"@id\":\"https:\/\/ad.kress.com\/en\/kress-20-v-battery-kab04\/#breadcrumb\",\"itemListElement\":[{\"@type\":\"ListItem\",\"position\":1,\"name\":\"Home\",\"item\":\"https:\/\/ad.kress.com\/en-gb\/\"},{\"@type\":\"ListItem\",\"position\":2,\"name\":\"Kress 20 V batteri\"}]},{\"@type\":\"WebSite\",\"@id\":\"https:\/\/ad.kress.com\/en-gb\/#website\",\"url\":\"https:\/\/ad.kress.com\/en-gb\/\",\"name\":\"Kress - Commercial outdoor power equipment\",\"description\":\"Kress\",\"publisher\":{\"@id\":\"https:\/\/ad.kress.com\/en-gb\/#organization\"},\"alternateName\":\"Kress\",\"potentialAction\":[{\"@type\":\"SearchAction\",\"target\":{\"@type\":\"EntryPoint\",\"urlTemplate\":\"https:\/\/ad.kress.com\/en-gb\/?s={search_term_string}\"},\"query-input\":{\"@type\":\"PropertyValueSpecification\",\"valueRequired\":true,\"valueName\":\"search_term_string\"}}],\"inLanguage\":\"da-DK\"},{\"@type\":\"Organization\",\"@id\":\"https:\/\/ad.kress.com\/en-gb\/#organization\",\"name\":\"Commercial outdoor power equipment\",\"alternateName\":\"Kress\",\"url\":\"https:\/\/ad.kress.com\/en-gb\/\",\"logo\":{\"@type\":\"ImageObject\",\"inLanguage\":\"da-DK\",\"@id\":\"https:\/\/ad.kress.com\/en-gb\/#\/schema\/logo\/image\/\",\"url\":\"https:\/\/ad.kress.com\/wp-content\/uploads\/2025\/01\/main-logo-kress.webp\",\"contentUrl\":\"https:\/\/ad.kress.com\/wp-content\/uploads\/2025\/01\/main-logo-kress.webp\",\"width\":1038,\"height\":245,\"caption\":\"Commercial outdoor power equipment\"},\"image\":{\"@id\":\"https:\/\/ad.kress.com\/en-gb\/#\/schema\/logo\/image\/\"}}]}<\/script>\n<!-- \/ Yoast SEO plugin. -->","yoast_head_json":{"title":"Kress 20 V batteri - Landing Kress","robots":{"index":"index","follow":"follow","max-snippet":"max-snippet:-1","max-image-preview":"max-image-preview:large","max-video-preview":"max-video-preview:-1"},"canonical":"https:\/\/ad.kress.com\/en\/kress-20-v-battery-kab04\/","og_locale":"da_DK","og_type":"article","og_title":"Kress 20 V batteri - Landing Kress","og_description":"KAB04 er bygget til husejere, der p\u00e5tager sig st\u00f8rre opgaver med selvtillid. Med 4,0 Ah p\u00e5lidelig kraft leverer den forl\u00e6nget driftstid og en perfekt balance mellem ydeevne og holdbarhed. SmartLink \u00f8ger effektiviteten, Cell Guard beskytter hver enkelt celle mod slitage, og HeatShield holder den k\u00f8lig under pres. S\u00e6t den sammen med ethvert Kress 20 V-&hellip; Continue reading Kress 20 V batteri","og_url":"https:\/\/ad.kress.com\/en\/kress-20-v-battery-kab04\/","og_site_name":"Landing Kress","article_modified_time":"2025-08-05T08:29:11+00:00","og_image":[{"width":1980,"height":1980,"url":"https:\/\/ad.kress.com\/wp-content\/uploads\/onpage\/op_image_0cb34e15f5cb7ccce26edd1c7cc91d2cfaac62c2.1980x.webp","type":"image\/webp"}],"twitter_card":"summary_large_image","schema":{"@context":"https:\/\/schema.org","@graph":[{"@type":"WebPage","@id":"https:\/\/ad.kress.com\/en\/kress-20-v-battery-kab04\/","url":"https:\/\/ad.kress.com\/en\/kress-20-v-battery-kab04\/","name":"Kress 20 V batteri - Landing Kress","isPartOf":{"@id":"https:\/\/ad.kress.com\/en-gb\/#website"},"primaryImageOfPage":{"@id":"https:\/\/ad.kress.com\/en\/kress-20-v-battery-kab04\/#primaryimage"},"image":{"@id":"https:\/\/ad.kress.com\/en\/kress-20-v-battery-kab04\/#primaryimage"},"thumbnailUrl":"https:\/\/ad.kress.com\/wp-content\/uploads\/onpage\/op_image_0cb34e15f5cb7ccce26edd1c7cc91d2cfaac62c2.1980x.webp","datePublished":"2025-04-04T07:57:16+00:00","dateModified":"2025-08-05T08:29:11+00:00","breadcrumb":{"@id":"https:\/\/ad.kress.com\/en\/kress-20-v-battery-kab04\/#breadcrumb"},"inLanguage":"da-DK","potentialAction":[{"@type":"ReadAction","target":["https:\/\/ad.kress.com\/en\/kress-20-v-battery-kab04\/"]}]},{"@type":"ImageObject","inLanguage":"da-DK","@id":"https:\/\/ad.kress.com\/en\/kress-20-v-battery-kab04\/#primaryimage","url":"https:\/\/ad.kress.com\/wp-content\/uploads\/onpage\/op_image_0cb34e15f5cb7ccce26edd1c7cc91d2cfaac62c2.1980x.webp","contentUrl":"https:\/\/ad.kress.com\/wp-content\/uploads\/onpage\/op_image_0cb34e15f5cb7ccce26edd1c7cc91d2cfaac62c2.1980x.webp","width":1980,"height":1980},{"@type":"BreadcrumbList","@id":"https:\/\/ad.kress.com\/en\/kress-20-v-battery-kab04\/#breadcrumb","itemListElement":[{"@type":"ListItem","position":1,"name":"Home","item":"https:\/\/ad.kress.com\/en-gb\/"},{"@type":"ListItem","position":2,"name":"Kress 20 V batteri"}]},{"@type":"WebSite","@id":"https:\/\/ad.kress.com\/en-gb\/#website","url":"https:\/\/ad.kress.com\/en-gb\/","name":"Kress - Commercial outdoor power equipment","description":"Kress","publisher":{"@id":"https:\/\/ad.kress.com\/en-gb\/#organization"},"alternateName":"Kress","potentialAction":[{"@type":"SearchAction","target":{"@type":"EntryPoint","urlTemplate":"https:\/\/ad.kress.com\/en-gb\/?s={search_term_string}"},"query-input":{"@type":"PropertyValueSpecification","valueRequired":true,"valueName":"search_term_string"}}],"inLanguage":"da-DK"},{"@type":"Organization","@id":"https:\/\/ad.kress.com\/en-gb\/#organization","name":"Commercial outdoor power equipment","alternateName":"Kress","url":"https:\/\/ad.kress.com\/en-gb\/","logo":{"@type":"ImageObject","inLanguage":"da-DK","@id":"https:\/\/ad.kress.com\/en-gb\/#\/schema\/logo\/image\/","url":"https:\/\/ad.kress.com\/wp-content\/uploads\/2025\/01\/main-logo-kress.webp","contentUrl":"https:\/\/ad.kress.com\/wp-content\/uploads\/2025\/01\/main-logo-kress.webp","width":1038,"height":245,"caption":"Commercial outdoor power equipment"},"image":{"@id":"https:\/\/ad.kress.com\/en-gb\/#\/schema\/logo\/image\/"}}]}},"_links":{"self":[{"href":"https:\/\/ad.kress.com\/da-dk\/wp-json\/wp\/v2\/product\/3855","targetHints":{"allow":["GET"]}}],"collection":[{"href":"https:\/\/ad.kress.com\/da-dk\/wp-json\/wp\/v2\/product"}],"about":[{"href":"https:\/\/ad.kress.com\/da-dk\/wp-json\/wp\/v2\/types\/product"}],"replies":[{"embeddable":true,"href":"https:\/\/ad.kress.com\/da-dk\/wp-json\/wp\/v2\/comments?post=3855"}],"wp:featuredmedia":[{"embeddable":true,"href":"https:\/\/ad.kress.com\/da-dk\/wp-json\/wp\/v2\/media\/8505"}],"wp:attachment":[{"href":"https:\/\/ad.kress.com\/da-dk\/wp-json\/wp\/v2\/media?parent=3855"}],"wp:term":[{"taxonomy":"product_brand","embeddable":true,"href":"https:\/\/ad.kress.com\/da-dk\/wp-json\/wp\/v2\/product_brand?post=3855"},{"taxonomy":"product_cat","embeddable":true,"href":"https:\/\/ad.kress.com\/da-dk\/wp-json\/wp\/v2\/product_cat?post=3855"},{"taxonomy":"product_tag","embeddable":true,"href":"https:\/\/ad.kress.com\/da-dk\/wp-json\/wp\/v2\/product_tag?post=3855"}],"curies":[{"name":"wp","href":"https:\/\/api.w.org\/{rel}","templated":true}]}}