{"id":12227,"date":"2025-08-05T08:29:28","date_gmt":"2025-08-05T08:29:28","guid":{"rendered":""},"modified":"2025-08-05T08:29:11","modified_gmt":"2025-08-05T08:29:11","slug":"kress-rtk%e2%81%bf-28-000-m%c2%b2-robotplaeneklipper-med-oas-obstacle-avoidance-system-kr235e","status":"publish","type":"product","link":"https:\/\/ad.kress.com\/da-dk\/kress-rtk%e2%81%bf-28-000-m%c2%b2-robotplaeneklipper-med-oas-obstacle-avoidance-system-kr235e\/","title":{"rendered":"Kress RTK\u207f 28.000 m\u00b2 robotpl\u00e6neklipper med OAS (Obstacle Avoidance System)"},"content":{"rendered":"<p>Forbedret sk\u00e6reydelse, drevet af en kraftig motor<\/p>\n<p>motor og med en glidende knivskive, sikrer enest\u00e5ende<\/p>\n<p>effektivitet og pr\u00e6cision ved trimning af lavt, t\u00e6t gr\u00e6s.<\/p>\n<p>Med en klippeh\u00f8jde p\u00e5 helt ned til 10 mm er den specielt<\/p>\n<p>udviklet til fairways og leverer ensartede resultater af h\u00f8j kvalitet<\/p>\n<p>resultater af h\u00f8j kvalitet med \u00f8get hastighed og optimeret ydeevne.<\/p>\n","protected":false},"excerpt":{"rendered":"<p>Forbedret sk\u00e6reydelse, drevet af en kraftig motor motor og med en glidende knivskive, sikrer enest\u00e5ende effektivitet og pr\u00e6cision ved trimning af lavt, t\u00e6t gr\u00e6s. Med en klippeh\u00f8jde p\u00e5 helt ned til 10 mm er den specielt udviklet til fairways og leverer ensartede resultater af h\u00f8j kvalitet resultater af h\u00f8j kvalitet med \u00f8get hastighed og optimeret&hellip; <a class=\"more-link\" href=\"https:\/\/ad.kress.com\/da-dk\/kress-rtk%e2%81%bf-28-000-m%c2%b2-robotplaeneklipper-med-oas-obstacle-avoidance-system-kr235e\/\">Continue reading <span class=\"screen-reader-text\">Kress RTK\u207f 28.000 m\u00b2 robotpl\u00e6neklipper med OAS (Obstacle Avoidance System)<\/span><\/a><\/p>\n","protected":false},"featured_media":0,"comment_status":"closed","ping_status":"closed","template":"","meta":[],"product_brand":[],"product_cat":[],"product_tag":[],"class_list":{"0":"post-12227","1":"product","2":"type-product","3":"status-publish","5":"entry","7":"first","8":"instock","9":"shipping-taxable","10":"purchasable","11":"product-type-simple"},"yoast_head":"<!-- This site is optimized with the Yoast SEO plugin v24.3 - https:\/\/yoast.com\/wordpress\/plugins\/seo\/ -->\n<title>Kress RTK\u207f 28.000 m\u00b2 robotpl\u00e6neklipper med OAS (Obstacle Avoidance System) - Landing Kress<\/title>\n<meta name=\"robots\" content=\"index, follow, max-snippet:-1, max-image-preview:large, max-video-preview:-1\" \/>\n<link rel=\"canonical\" href=\"https:\/\/ad.kress.com\/da-dk\/kress-rtk\u207f-28-000-m\u00b2-robotplaeneklipper-med-oas-obstacle-avoidance-system-kr235e\/\" \/>\n<meta property=\"og:locale\" content=\"da_DK\" \/>\n<meta property=\"og:type\" content=\"article\" \/>\n<meta property=\"og:title\" content=\"Kress RTK\u207f 28.000 m\u00b2 robotpl\u00e6neklipper med OAS (Obstacle Avoidance System) - Landing Kress\" \/>\n<meta property=\"og:description\" content=\"Forbedret sk\u00e6reydelse, drevet af en kraftig motor motor og med en glidende knivskive, sikrer enest\u00e5ende effektivitet og pr\u00e6cision ved trimning af lavt, t\u00e6t gr\u00e6s. Med en klippeh\u00f8jde p\u00e5 helt ned til 10 mm er den specielt udviklet til fairways og leverer ensartede resultater af h\u00f8j kvalitet resultater af h\u00f8j kvalitet med \u00f8get hastighed og optimeret&hellip; Continue reading Kress RTK\u207f 28.000 m\u00b2 robotpl\u00e6neklipper med OAS (Obstacle Avoidance System)\" \/>\n<meta property=\"og:url\" content=\"https:\/\/ad.kress.com\/da-dk\/kress-rtk\u207f-28-000-m\u00b2-robotplaeneklipper-med-oas-obstacle-avoidance-system-kr235e\/\" \/>\n<meta property=\"og:site_name\" content=\"Landing Kress\" \/>\n<meta property=\"article:modified_time\" content=\"2025-08-05T08:29:11+00:00\" \/>\n<meta property=\"og:image\" content=\"https:\/\/ad.kress.com\/wp-content\/uploads\/2025\/01\/main-logo-kress.webp\" \/>\n\t<meta property=\"og:image:width\" content=\"1038\" \/>\n\t<meta property=\"og:image:height\" content=\"245\" \/>\n\t<meta property=\"og:image:type\" content=\"image\/webp\" \/>\n<meta name=\"twitter:card\" content=\"summary_large_image\" \/>\n<script type=\"application\/ld+json\" class=\"yoast-schema-graph\">{\"@context\":\"https:\/\/schema.org\",\"@graph\":[{\"@type\":\"WebPage\",\"@id\":\"https:\/\/ad.kress.com\/da-dk\/kress-rtk%e2%81%bf-28-000-m%c2%b2-robotplaeneklipper-med-oas-obstacle-avoidance-system-kr235e\/\",\"url\":\"https:\/\/ad.kress.com\/da-dk\/kress-rtk%e2%81%bf-28-000-m%c2%b2-robotplaeneklipper-med-oas-obstacle-avoidance-system-kr235e\/\",\"name\":\"Kress RTK\u207f 28.000 m\u00b2 robotpl\u00e6neklipper med OAS (Obstacle Avoidance System) - Landing Kress\",\"isPartOf\":{\"@id\":\"https:\/\/ad.kress.com\/en-gb\/#website\"},\"datePublished\":\"2025-08-05T08:29:28+00:00\",\"dateModified\":\"2025-08-05T08:29:11+00:00\",\"breadcrumb\":{\"@id\":\"https:\/\/ad.kress.com\/da-dk\/kress-rtk%e2%81%bf-28-000-m%c2%b2-robotplaeneklipper-med-oas-obstacle-avoidance-system-kr235e\/#breadcrumb\"},\"inLanguage\":\"da-DK\",\"potentialAction\":[{\"@type\":\"ReadAction\",\"target\":[\"https:\/\/ad.kress.com\/da-dk\/kress-rtk%e2%81%bf-28-000-m%c2%b2-robotplaeneklipper-med-oas-obstacle-avoidance-system-kr235e\/\"]}]},{\"@type\":\"BreadcrumbList\",\"@id\":\"https:\/\/ad.kress.com\/da-dk\/kress-rtk%e2%81%bf-28-000-m%c2%b2-robotplaeneklipper-med-oas-obstacle-avoidance-system-kr235e\/#breadcrumb\",\"itemListElement\":[{\"@type\":\"ListItem\",\"position\":1,\"name\":\"Home\",\"item\":\"https:\/\/ad.kress.com\/en-gb\/\"},{\"@type\":\"ListItem\",\"position\":2,\"name\":\"Kress RTK\u207f 28.000 m\u00b2 robotpl\u00e6neklipper med OAS (Obstacle Avoidance System)\"}]},{\"@type\":\"WebSite\",\"@id\":\"https:\/\/ad.kress.com\/en-gb\/#website\",\"url\":\"https:\/\/ad.kress.com\/en-gb\/\",\"name\":\"Kress - Commercial outdoor power equipment\",\"description\":\"Kress\",\"publisher\":{\"@id\":\"https:\/\/ad.kress.com\/en-gb\/#organization\"},\"alternateName\":\"Kress\",\"potentialAction\":[{\"@type\":\"SearchAction\",\"target\":{\"@type\":\"EntryPoint\",\"urlTemplate\":\"https:\/\/ad.kress.com\/en-gb\/?s={search_term_string}\"},\"query-input\":{\"@type\":\"PropertyValueSpecification\",\"valueRequired\":true,\"valueName\":\"search_term_string\"}}],\"inLanguage\":\"da-DK\"},{\"@type\":\"Organization\",\"@id\":\"https:\/\/ad.kress.com\/en-gb\/#organization\",\"name\":\"Commercial outdoor power equipment\",\"alternateName\":\"Kress\",\"url\":\"https:\/\/ad.kress.com\/en-gb\/\",\"logo\":{\"@type\":\"ImageObject\",\"inLanguage\":\"da-DK\",\"@id\":\"https:\/\/ad.kress.com\/en-gb\/#\/schema\/logo\/image\/\",\"url\":\"https:\/\/ad.kress.com\/wp-content\/uploads\/2025\/01\/main-logo-kress.webp\",\"contentUrl\":\"https:\/\/ad.kress.com\/wp-content\/uploads\/2025\/01\/main-logo-kress.webp\",\"width\":1038,\"height\":245,\"caption\":\"Commercial outdoor power equipment\"},\"image\":{\"@id\":\"https:\/\/ad.kress.com\/en-gb\/#\/schema\/logo\/image\/\"}}]}<\/script>\n<!-- \/ Yoast SEO plugin. -->","yoast_head_json":{"title":"Kress RTK\u207f 28.000 m\u00b2 robotpl\u00e6neklipper med OAS (Obstacle Avoidance System) - Landing Kress","robots":{"index":"index","follow":"follow","max-snippet":"max-snippet:-1","max-image-preview":"max-image-preview:large","max-video-preview":"max-video-preview:-1"},"canonical":"https:\/\/ad.kress.com\/da-dk\/kress-rtk\u207f-28-000-m\u00b2-robotplaeneklipper-med-oas-obstacle-avoidance-system-kr235e\/","og_locale":"da_DK","og_type":"article","og_title":"Kress RTK\u207f 28.000 m\u00b2 robotpl\u00e6neklipper med OAS (Obstacle Avoidance System) - Landing Kress","og_description":"Forbedret sk\u00e6reydelse, drevet af en kraftig motor motor og med en glidende knivskive, sikrer enest\u00e5ende effektivitet og pr\u00e6cision ved trimning af lavt, t\u00e6t gr\u00e6s. Med en klippeh\u00f8jde p\u00e5 helt ned til 10 mm er den specielt udviklet til fairways og leverer ensartede resultater af h\u00f8j kvalitet resultater af h\u00f8j kvalitet med \u00f8get hastighed og optimeret&hellip; Continue reading Kress RTK\u207f 28.000 m\u00b2 robotpl\u00e6neklipper med OAS (Obstacle Avoidance System)","og_url":"https:\/\/ad.kress.com\/da-dk\/kress-rtk\u207f-28-000-m\u00b2-robotplaeneklipper-med-oas-obstacle-avoidance-system-kr235e\/","og_site_name":"Landing Kress","article_modified_time":"2025-08-05T08:29:11+00:00","og_image":[{"width":1038,"height":245,"url":"https:\/\/ad.kress.com\/wp-content\/uploads\/2025\/01\/main-logo-kress.webp","type":"image\/webp"}],"twitter_card":"summary_large_image","schema":{"@context":"https:\/\/schema.org","@graph":[{"@type":"WebPage","@id":"https:\/\/ad.kress.com\/da-dk\/kress-rtk%e2%81%bf-28-000-m%c2%b2-robotplaeneklipper-med-oas-obstacle-avoidance-system-kr235e\/","url":"https:\/\/ad.kress.com\/da-dk\/kress-rtk%e2%81%bf-28-000-m%c2%b2-robotplaeneklipper-med-oas-obstacle-avoidance-system-kr235e\/","name":"Kress RTK\u207f 28.000 m\u00b2 robotpl\u00e6neklipper med OAS (Obstacle Avoidance System) - Landing Kress","isPartOf":{"@id":"https:\/\/ad.kress.com\/en-gb\/#website"},"datePublished":"2025-08-05T08:29:28+00:00","dateModified":"2025-08-05T08:29:11+00:00","breadcrumb":{"@id":"https:\/\/ad.kress.com\/da-dk\/kress-rtk%e2%81%bf-28-000-m%c2%b2-robotplaeneklipper-med-oas-obstacle-avoidance-system-kr235e\/#breadcrumb"},"inLanguage":"da-DK","potentialAction":[{"@type":"ReadAction","target":["https:\/\/ad.kress.com\/da-dk\/kress-rtk%e2%81%bf-28-000-m%c2%b2-robotplaeneklipper-med-oas-obstacle-avoidance-system-kr235e\/"]}]},{"@type":"BreadcrumbList","@id":"https:\/\/ad.kress.com\/da-dk\/kress-rtk%e2%81%bf-28-000-m%c2%b2-robotplaeneklipper-med-oas-obstacle-avoidance-system-kr235e\/#breadcrumb","itemListElement":[{"@type":"ListItem","position":1,"name":"Home","item":"https:\/\/ad.kress.com\/en-gb\/"},{"@type":"ListItem","position":2,"name":"Kress RTK\u207f 28.000 m\u00b2 robotpl\u00e6neklipper med OAS (Obstacle Avoidance System)"}]},{"@type":"WebSite","@id":"https:\/\/ad.kress.com\/en-gb\/#website","url":"https:\/\/ad.kress.com\/en-gb\/","name":"Kress - Commercial outdoor power equipment","description":"Kress","publisher":{"@id":"https:\/\/ad.kress.com\/en-gb\/#organization"},"alternateName":"Kress","potentialAction":[{"@type":"SearchAction","target":{"@type":"EntryPoint","urlTemplate":"https:\/\/ad.kress.com\/en-gb\/?s={search_term_string}"},"query-input":{"@type":"PropertyValueSpecification","valueRequired":true,"valueName":"search_term_string"}}],"inLanguage":"da-DK"},{"@type":"Organization","@id":"https:\/\/ad.kress.com\/en-gb\/#organization","name":"Commercial outdoor power equipment","alternateName":"Kress","url":"https:\/\/ad.kress.com\/en-gb\/","logo":{"@type":"ImageObject","inLanguage":"da-DK","@id":"https:\/\/ad.kress.com\/en-gb\/#\/schema\/logo\/image\/","url":"https:\/\/ad.kress.com\/wp-content\/uploads\/2025\/01\/main-logo-kress.webp","contentUrl":"https:\/\/ad.kress.com\/wp-content\/uploads\/2025\/01\/main-logo-kress.webp","width":1038,"height":245,"caption":"Commercial outdoor power equipment"},"image":{"@id":"https:\/\/ad.kress.com\/en-gb\/#\/schema\/logo\/image\/"}}]}},"_links":{"self":[{"href":"https:\/\/ad.kress.com\/da-dk\/wp-json\/wp\/v2\/product\/12227","targetHints":{"allow":["GET"]}}],"collection":[{"href":"https:\/\/ad.kress.com\/da-dk\/wp-json\/wp\/v2\/product"}],"about":[{"href":"https:\/\/ad.kress.com\/da-dk\/wp-json\/wp\/v2\/types\/product"}],"replies":[{"embeddable":true,"href":"https:\/\/ad.kress.com\/da-dk\/wp-json\/wp\/v2\/comments?post=12227"}],"wp:attachment":[{"href":"https:\/\/ad.kress.com\/da-dk\/wp-json\/wp\/v2\/media?parent=12227"}],"wp:term":[{"taxonomy":"product_brand","embeddable":true,"href":"https:\/\/ad.kress.com\/da-dk\/wp-json\/wp\/v2\/product_brand?post=12227"},{"taxonomy":"product_cat","embeddable":true,"href":"https:\/\/ad.kress.com\/da-dk\/wp-json\/wp\/v2\/product_cat?post=12227"},{"taxonomy":"product_tag","embeddable":true,"href":"https:\/\/ad.kress.com\/da-dk\/wp-json\/wp\/v2\/product_tag?post=12227"}],"curies":[{"name":"wp","href":"https:\/\/api.w.org\/{rel}","templated":true}]}}